{"id":15623,"date":"2024-07-05T19:18:19","date_gmt":"2024-07-05T16:18:19","guid":{"rendered":"https:\/\/demo.artureanec.com\/themes\/neuros\/?page_id=15623"},"modified":"2025-08-27T19:04:17","modified_gmt":"2025-08-28T01:04:17","slug":"servicios","status":"publish","type":"page","link":"https:\/\/teteocan.com\/en\/servicios\/","title":{"rendered":"Services"},"content":{"rendered":"<div data-elementor-type=\"wp-page\" data-elementor-id=\"15623\" class=\"elementor elementor-15623\" data-elementor-post-type=\"page\">\n\t\t\t\t\t\t<section class=\"elementor-section elementor-top-section elementor-element elementor-element-1eacfe6 elementor-section-full_width elementor-section-stretched elementor-section-height-default elementor-section-height-default\" data-id=\"1eacfe6\" data-element_type=\"section\" data-settings=\"{&quot;stretch_section&quot;:&quot;section-stretched&quot;,&quot;background_background&quot;:&quot;classic&quot;}\">\n\t\t\t\t\t\t<div class=\"elementor-container elementor-column-gap-default\">\n\t\t\t\t\t<div class=\"elementor-column elementor-col-100 elementor-top-column elementor-element elementor-element-4daa14d\" data-id=\"4daa14d\" data-element_type=\"column\">\n\t\t\t<div class=\"elementor-widget-wrap elementor-element-populated\">\n\t\t\t\t\t\t<div class=\"elementor-element elementor-element-3eccf50 elementor-widget elementor-widget-neuros_heading\" data-id=\"3eccf50\" data-element_type=\"widget\" data-widget_type=\"neuros_heading.default\">\n\t\t\t\t<div class=\"elementor-widget-container\">\n\t\t\t\t\t<div class=\"neuros-heading-widget\"><h2 class=\"neuros-heading\"><span class=\"neuros-heading-content has_gradient_color_text\">Intelligent <del>consultancy<\/del><\/span><\/h2><\/div>\t\t\t\t<\/div>\n\t\t\t\t<\/div>\n\t\t\t\t<div class=\"elementor-element elementor-element-d4226e6 elementor-widget__width-initial elementor-widget elementor-widget-text-editor\" data-id=\"d4226e6\" data-element_type=\"widget\" data-widget_type=\"text-editor.default\">\n\t\t\t\t<div class=\"elementor-widget-container\">\n\t\t\t\t\t\t\t\t\t<p>We combine digitalization, intelligence and automation to generate real results<\/p>\t\t\t\t\t\t\t\t<\/div>\n\t\t\t\t<\/div>\n\t\t\t\t<div class=\"elementor-element elementor-element-681b811 neuros-button-border-style-solid neuros-button-bakground-style-solid elementor-widget elementor-widget-neuros_button\" data-id=\"681b811\" data-element_type=\"widget\" data-widget_type=\"neuros_button.default\">\n\t\t\t\t<div class=\"elementor-widget-container\">\n\t\t\t\t\t\n        <div class=\"button-widget\">\n            <div class=\"button-container\">\n                                <a class=\"neuros-button\" href=\"#services\">See solutions                        <span class=\"icon-button-arrow left\"><\/span><span class=\"icon-button-arrow right\"><\/span>                    \n                    <span class=\"button-inner\"><\/span>\n                <\/a>\n                            <\/div>\n        <\/div>\n        \t\t\t\t<\/div>\n\t\t\t\t<\/div>\n\t\t\t\t\t<\/div>\n\t\t<\/div>\n\t\t\t\t\t<\/div>\n\t\t<\/section>\n\t\t\t\t<section class=\"elementor-section elementor-top-section elementor-element elementor-element-13a32d8 elementor-section-full_width elementor-section-stretched elementor-section-height-default elementor-section-height-default\" data-id=\"13a32d8\" data-element_type=\"section\" data-settings=\"{&quot;stretch_section&quot;:&quot;section-stretched&quot;,&quot;background_background&quot;:&quot;classic&quot;}\">\n\t\t\t\t\t\t<div class=\"elementor-container elementor-column-gap-no\">\n\t\t\t\t\t<div class=\"elementor-column elementor-col-100 elementor-top-column elementor-element elementor-element-39b42bd\" data-id=\"39b42bd\" data-element_type=\"column\">\n\t\t\t<div class=\"elementor-widget-wrap elementor-element-populated\">\n\t\t\t\t\t\t<div class=\"elementor-element elementor-element-bb36cc7 elementor-widget-mobile__width-inherit elementor-widget elementor-widget-neuros_moving_list\" data-id=\"bb36cc7\" data-element_type=\"widget\" data-widget_type=\"neuros_moving_list.default\">\n\t\t\t\t<div class=\"elementor-widget-container\">\n\t\t\t\t\t\n        <div class=\"neuros-moving-list-widget\">\n            <div class=\"moving-list\">\n                                        <div class=\"moving-item elementor-repeater-item-40329b6\">\n                            <div class=\"moving-item-inner\">\n                                <a href=\"#\" target=\"_blank\" class=\"moving-item-link\"><\/a>                            <\/div>\n                        <\/div>\n                                                <div class=\"moving-item elementor-repeater-item-04fa3df\">\n                            <div class=\"moving-item-inner\">\n                                <a href=\"#\" target=\"_blank\" class=\"moving-item-link\"><\/a>                            <\/div>\n                        <\/div>\n                                                <div class=\"moving-item elementor-repeater-item-12db84f\">\n                            <div class=\"moving-item-inner\">\n                                <a href=\"#\" target=\"_blank\" class=\"moving-item-link\"><\/a>                            <\/div>\n                        <\/div>\n                                                <div class=\"moving-item elementor-repeater-item-e87b27d\">\n                            <div class=\"moving-item-inner\">\n                                <a href=\"#\" target=\"_blank\" class=\"moving-item-link\"><\/a>                            <\/div>\n                        <\/div>\n                                                <div class=\"moving-item elementor-repeater-item-84bc04d\">\n                            <div class=\"moving-item-inner\">\n                                <a href=\"#\" target=\"_blank\" class=\"moving-item-link\"><\/a>                            <\/div>\n                        <\/div>\n                                                <div class=\"moving-item elementor-repeater-item-5856ed0\">\n                            <div class=\"moving-item-inner\">\n                                <a href=\"#\" target=\"_blank\" class=\"moving-item-link\"><\/a>                            <\/div>\n                        <\/div>\n                                                <div class=\"moving-item elementor-repeater-item-0570350\">\n                            <div class=\"moving-item-inner\">\n                                <a href=\"#\" target=\"_blank\" class=\"moving-item-link\"><\/a>                            <\/div>\n                        <\/div>\n                                                <div class=\"moving-item elementor-repeater-item-35b81e7\">\n                            <div class=\"moving-item-inner\">\n                                <a href=\"#\" target=\"_blank\" class=\"moving-item-link\"><\/a>                            <\/div>\n                        <\/div>\n                                                <div class=\"moving-item elementor-repeater-item-9807149\">\n                            <div class=\"moving-item-inner\">\n                                <a href=\"#\" target=\"_blank\" class=\"moving-item-link\"><\/a>                            <\/div>\n                        <\/div>\n                                                <div class=\"moving-item elementor-repeater-item-bf2780f\">\n                            <div class=\"moving-item-inner\">\n                                <a href=\"#\" target=\"_blank\" class=\"moving-item-link\"><\/a>                            <\/div>\n                        <\/div>\n                                                <div class=\"moving-item elementor-repeater-item-2836c1c\">\n                            <div class=\"moving-item-inner\">\n                                <a href=\"#\" target=\"_blank\" class=\"moving-item-link\"><\/a>                            <\/div>\n                        <\/div>\n                                                <div class=\"moving-item elementor-repeater-item-c4e963b\">\n                            <div class=\"moving-item-inner\">\n                                <a href=\"#\" target=\"_blank\" class=\"moving-item-link\"><\/a>                            <\/div>\n                        <\/div>\n                                    <\/div>\n        <\/div>\n        \t\t\t\t<\/div>\n\t\t\t\t<\/div>\n\t\t\t\t\t<\/div>\n\t\t<\/div>\n\t\t\t\t\t<\/div>\n\t\t<\/section>\n\t\t\t\t<section class=\"elementor-section elementor-top-section elementor-element elementor-element-6c4878df elementor-section-stretched elementor-section-full_width elementor-section-height-default elementor-section-height-default\" data-id=\"6c4878df\" data-element_type=\"section\" data-settings=\"{&quot;stretch_section&quot;:&quot;section-stretched&quot;}\">\n\t\t\t\t\t\t\t<div class=\"elementor-background-overlay\"><\/div>\n\t\t\t\t\t\t\t<div class=\"elementor-container elementor-column-gap-no\">\n\t\t\t\t\t<div class=\"elementor-column elementor-col-100 elementor-top-column elementor-element elementor-element-51251dcc\" data-id=\"51251dcc\" data-element_type=\"column\" id=\"services\">\n\t\t\t<div class=\"elementor-widget-wrap elementor-element-populated\">\n\t\t\t\t\t\t<section class=\"elementor-section elementor-inner-section elementor-element elementor-element-27023872 elementor-section-boxed elementor-section-height-default elementor-section-height-default\" data-id=\"27023872\" data-element_type=\"section\" data-settings=\"{&quot;background_background&quot;:&quot;classic&quot;}\">\n\t\t\t\t\t\t<div class=\"elementor-container elementor-column-gap-wide\">\n\t\t\t\t\t<div class=\"elementor-column elementor-col-50 elementor-inner-column elementor-element elementor-element-ec62125\" data-id=\"ec62125\" data-element_type=\"column\">\n\t\t\t<div class=\"elementor-widget-wrap elementor-element-populated\">\n\t\t\t\t\t\t<div class=\"elementor-element elementor-element-7ceee700 elementor-invisible elementor-widget elementor-widget-neuros_heading\" data-id=\"7ceee700\" data-element_type=\"widget\" data-settings=\"{&quot;_animation&quot;:&quot;fadeIn&quot;,&quot;_animation_delay&quot;:300}\" data-widget_type=\"neuros_heading.default\">\n\t\t\t\t<div class=\"elementor-widget-container\">\n\t\t\t\t\t<div class=\"neuros-heading-widget\"><h2 class=\"neuros-heading\"><span class=\"neuros-subheading\">Services<\/span><span class=\"neuros-heading-content has_gradient_color_text\">Three pillars. One goal: transform your business.<\/span><\/h2><\/div>\t\t\t\t<\/div>\n\t\t\t\t<\/div>\n\t\t\t\t\t<\/div>\n\t\t<\/div>\n\t\t\t\t<div class=\"elementor-column elementor-col-50 elementor-inner-column elementor-element elementor-element-3cbe2549 elementor-hidden-mobile_extra elementor-hidden-mobile\" data-id=\"3cbe2549\" data-element_type=\"column\">\n\t\t\t<div class=\"elementor-widget-wrap\">\n\t\t\t\t\t\t\t<\/div>\n\t\t<\/div>\n\t\t\t\t\t<\/div>\n\t\t<\/section>\n\t\t\t\t<section class=\"elementor-section elementor-inner-section elementor-element elementor-element-37cae569 elementor-section-boxed elementor-section-height-default elementor-section-height-default\" data-id=\"37cae569\" data-element_type=\"section\" data-settings=\"{&quot;background_background&quot;:&quot;classic&quot;}\">\n\t\t\t\t\t\t\t<div class=\"elementor-background-overlay\"><\/div>\n\t\t\t\t\t\t\t<div class=\"elementor-container elementor-column-gap-default\">\n\t\t\t\t\t<div class=\"elementor-column elementor-col-100 elementor-inner-column elementor-element elementor-element-7e24375a\" data-id=\"7e24375a\" data-element_type=\"column\">\n\t\t\t<div class=\"elementor-widget-wrap elementor-element-populated\">\n\t\t\t\t\t\t<div class=\"elementor-element elementor-element-193e070e elementor-widget elementor-widget-neuros_services_listing\" data-id=\"193e070e\" data-element_type=\"widget\" data-widget_type=\"neuros_services_listing.default\">\n\t\t\t\t<div class=\"elementor-widget-container\">\n\t\t\t\t\t\n        <div class=\"neuros-service-listing-widget neuros-title-hover-color-style-gradient\">\n                        \n            <div class=\"archive-listing\" data-ajax='{&quot;post_type&quot;:&quot;neuros_service&quot;,&quot;ignore_sticky_posts&quot;:true,&quot;orderby&quot;:&quot;date&quot;,&quot;order&quot;:&quot;desc&quot;,&quot;link_base&quot;:&quot;https:\\\/\\\/teteocan.com\\\/en\\\/wp-json\\\/wp\\\/v2\\\/pages\\\/15623&quot;,&quot;neuros_services_category&quot;:[&quot;digitalizacion&quot;],&quot;posts_per_page&quot;:4,&quot;paged&quot;:1}' data-widget='{&quot;listing_type&quot;:&quot;list&quot;,&quot;item_class&quot;:&quot;service-item-wrapper&quot;,&quot;show_pagination&quot;:&quot;&quot;}'>\n                <div class=\"archive-listing-wrapper service-listing-wrapper service-list-listing\">\n                    \n<div class=\"service-item-wrapper post-19095 neuros_service type-neuros_service status-publish has-post-thumbnail hentry neuros_services_category-digitalizacion neuros_services_tag-digitalizacion\">\n    <div class=\"service-item\">\n\n        <h2 class=\"service-post-title\"><a href=\"https:\/\/teteocan.com\/en\/services\/digitalizacion\/\"><span class=\"service-post-inner\"><span class=\"service-post-title-counter\">01<\/span><span class=\"service-post-title-text\">\/Digitization\/&nbsp;<\/span><\/span><span class=\"service-post-inner-alt\"><span class=\"service-post-title-counter\">01<\/span><span class=\"service-post-title-text\">\/Digitization\/&nbsp;<\/span><\/span><\/a><\/h2>\n    <\/div>\n<\/div>\n<div class=\"service-item-wrapper post-19091 neuros_service type-neuros_service status-publish has-post-thumbnail hentry neuros_services_category-digitalizacion\">\n    <div class=\"service-item\">\n\n        <h2 class=\"service-post-title\"><a href=\"https:\/\/teteocan.com\/en\/services\/analisisdatos\/\"><span class=\"service-post-inner\"><span class=\"service-post-title-counter\">02<\/span><span class=\"service-post-title-text\">\/Data Analysis\/&nbsp;<\/span><\/span><span class=\"service-post-inner-alt\"><span class=\"service-post-title-counter\">02<\/span><span class=\"service-post-title-text\">\/Data Analysis\/&nbsp;<\/span><\/span><\/a><\/h2>\n    <\/div>\n<\/div>\n<div class=\"service-item-wrapper post-19088 neuros_service type-neuros_service status-publish has-post-thumbnail hentry neuros_services_category-digitalizacion\">\n    <div class=\"service-item\">\n\n        <h2 class=\"service-post-title\"><a href=\"https:\/\/teteocan.com\/en\/services\/automatizacion\/\"><span class=\"service-post-inner\"><span class=\"service-post-title-counter\">03<\/span><span class=\"service-post-title-text\">\/Process Automation\/&nbsp;<\/span><\/span><span class=\"service-post-inner-alt\"><span class=\"service-post-title-counter\">03<\/span><span class=\"service-post-title-text\">\/Process Automation\/&nbsp;<\/span><\/span><\/a><\/h2>\n    <\/div>\n<\/div>                <\/div>\n\n                            <\/div>\n\n        <\/div>\n        \t\t\t\t<\/div>\n\t\t\t\t<\/div>\n\t\t\t\t\t<\/div>\n\t\t<\/div>\n\t\t\t\t\t<\/div>\n\t\t<\/section>\n\t\t\t\t\t<\/div>\n\t\t<\/div>\n\t\t\t\t\t<\/div>\n\t\t<\/section>\n\t\t\t\t<section class=\"elementor-section elementor-top-section elementor-element elementor-element-1c0a8e8 elementor-section-boxed elementor-section-height-default elementor-section-height-default\" data-id=\"1c0a8e8\" data-element_type=\"section\">\n\t\t\t\t\t\t<div class=\"elementor-container elementor-column-gap-wide\">\n\t\t\t\t\t<div class=\"elementor-column elementor-col-50 elementor-top-column elementor-element elementor-element-59bf8d3\" data-id=\"59bf8d3\" data-element_type=\"column\">\n\t\t\t<div class=\"elementor-widget-wrap elementor-element-populated\">\n\t\t\t\t\t\t<div class=\"elementor-element elementor-element-a7be1fc elementor-widget elementor-widget-image\" data-id=\"a7be1fc\" data-element_type=\"widget\" data-settings=\"{&quot;motion_fx_motion_fx_mouse&quot;:&quot;yes&quot;}\" data-widget_type=\"image.default\">\n\t\t\t\t<div class=\"elementor-widget-container\">\n\t\t\t\t\t\t\t\t\t\t\t\t\t\t\t<img decoding=\"async\" src=\"https:\/\/teteocan.com\/wp-content\/uploads\/elementor\/thumbs\/WhatsApp-Image-2025-07-02-at-10.52.53-AM-r86bxhhvol6nmxh21k866pxuz1evz8obw8pxxwqd34.jpeg\" title=\"WhatsApp Image 2025-07-02 at 10.52.53 AM\" alt=\"WhatsApp Image 2025-07-02 at 10.52.53 AM\" loading=\"lazy\" \/>\t\t\t\t\t\t\t\t\t\t\t\t\t\t\t<\/div>\n\t\t\t\t<\/div>\n\t\t\t\t<div class=\"elementor-element elementor-element-846366f neuros-video-button-alignment-right neuros-video-button-decoration-on elementor-widget elementor-widget-neuros_video_button\" data-id=\"846366f\" data-element_type=\"widget\" data-settings=\"{&quot;video_type&quot;:&quot;hosted&quot;,&quot;controls&quot;:&quot;yes&quot;}\" data-widget_type=\"neuros_video_button.default\">\n\t\t\t\t<div class=\"elementor-widget-container\">\n\t\t\t\t\t        <div class=\"neuros_video_button_container\">\n            <div class=\"neuros_video_button_widget\">\n                                        <div class=\"elementor-wrapper elementor-open-lightbox\">\n                                                        <div class=\"elementor-custom-embed-image-overlay\" data-elementor-open-lightbox=\"yes\" data-elementor-lightbox=\"{&quot;type&quot;:&quot;video&quot;,&quot;videoType&quot;:&quot;hosted&quot;,&quot;url&quot;:&quot;https:\\\/\\\/teteocan.com\\\/wp-content\\\/uploads\\\/2025\\\/07\\\/VIDEO-2025-07-02-09-14-06.mp4&quot;,&quot;modalOptions&quot;:{&quot;id&quot;:&quot;elementor-lightbox-846366f&quot;,&quot;videoAspectRatio&quot;:&quot;169&quot;},&quot;videoParams&quot;:{&quot;autoplay&quot;:true,&quot;loop&quot;:false,&quot;controls&quot;:true}}\">\n                                <div class=\"elementor-custom-embed-play\" role=\"button\">\n                                                                                <div class=\"icon-play-wrapper\">\n                                                <i class=\"eicon-play\" aria-hidden=\"true\"><\/i>\n                                            <\/div>\n                                                                            \n                                                                                <span class=\"neuros_button_text\">Get to know Tlatec<\/span>\n                                                                                <span class=\"elementor-screen-only\">Get to know Tlatec<\/span>\n                                <\/div>\n                            <\/div>\n                        <\/div>\n                                <\/div>\n        <\/div>\n        \t\t\t\t<\/div>\n\t\t\t\t<\/div>\n\t\t\t\t\t<\/div>\n\t\t<\/div>\n\t\t\t\t<div class=\"elementor-column elementor-col-50 elementor-top-column elementor-element elementor-element-14d40e6\" data-id=\"14d40e6\" data-element_type=\"column\">\n\t\t\t<div class=\"elementor-widget-wrap elementor-element-populated\">\n\t\t\t\t\t\t<div class=\"elementor-element elementor-element-45a6bda elementor-invisible elementor-widget elementor-widget-neuros_heading\" data-id=\"45a6bda\" data-element_type=\"widget\" data-settings=\"{&quot;_animation&quot;:&quot;fadeIn&quot;,&quot;_animation_delay&quot;:300}\" data-widget_type=\"neuros_heading.default\">\n\t\t\t\t<div class=\"elementor-widget-container\">\n\t\t\t\t\t<div class=\"neuros-heading-widget\"><h2 class=\"neuros-heading\"><span class=\"neuros-subheading\">What we do<\/span><span class=\"neuros-heading-content has_gradient_color_text\">We transform ideas into real technological solutions.<\/span><\/h2><\/div>\t\t\t\t<\/div>\n\t\t\t\t<\/div>\n\t\t\t\t<div class=\"elementor-element elementor-element-e018fa4 elementor-widget elementor-widget-text-editor\" data-id=\"e018fa4\" data-element_type=\"widget\" data-widget_type=\"text-editor.default\">\n\t\t\t\t<div class=\"elementor-widget-container\">\n\t\t\t\t\t\t\t\t\t<p>At Teteocan Technologies, we lead projects from conceptualization to full implementation, ensuring that each solution is aligned with our clients&#039; strategic objectives.<\/p><p>We specialize in custom software development, process automation, business digitalization, and business intelligence, delivering tools that generate growth, efficiency, and tangible results. That's why we'd love for you to\u00a0<strong>Discover Tlatec<\/strong>, our comprehensive digital solutions proposal designed to strategically align with your business goals.<\/p>\t\t\t\t\t\t\t\t<\/div>\n\t\t\t\t<\/div>\n\t\t\t\t<div class=\"elementor-element elementor-element-bb972e1 neuros-button-border-style-gradient neuros-button-bakground-style-solid elementor-widget elementor-widget-neuros_button\" data-id=\"bb972e1\" data-element_type=\"widget\" data-widget_type=\"neuros_button.default\">\n\t\t\t\t<div class=\"elementor-widget-container\">\n\t\t\t\t\t\n        <div class=\"button-widget\">\n            <div class=\"button-container\">\n                                <a class=\"neuros-button\" href=\"https:\/\/tlatec.teteocan.com\/\" target=\"_blank\">Go to Tlatec                        <span class=\"icon-button-arrow left\"><\/span><span class=\"icon-button-arrow right\"><\/span>                    \n                    <span class=\"button-inner\"><\/span>\n                <\/a>\n                            <\/div>\n        <\/div>\n        \t\t\t\t<\/div>\n\t\t\t\t<\/div>\n\t\t\t\t<section class=\"elementor-section elementor-inner-section elementor-element elementor-element-6f40d1c elementor-section-boxed elementor-section-height-default elementor-section-height-default\" data-id=\"6f40d1c\" data-element_type=\"section\">\n\t\t\t\t\t\t<div class=\"elementor-container elementor-column-gap-default\">\n\t\t\t\t\t<div class=\"elementor-column elementor-col-50 elementor-inner-column elementor-element elementor-element-5cd6623\" data-id=\"5cd6623\" data-element_type=\"column\">\n\t\t\t<div class=\"elementor-widget-wrap elementor-element-populated\">\n\t\t\t\t\t\t<div class=\"elementor-element elementor-element-7465131 elementor-widget__width-auto elementor-widget elementor-widget-counter\" data-id=\"7465131\" data-element_type=\"widget\" data-widget_type=\"counter.default\">\n\t\t\t\t<div class=\"elementor-widget-container\">\n\t\t\t\t\t\t\t<div class=\"elementor-counter\">\n\t\t\t<div class=\"elementor-counter-title\">Level of satisfaction of our customers<\/div>\t\t\t<div class=\"elementor-counter-number-wrapper\">\n\t\t\t\t<span class=\"elementor-counter-number-prefix\"><\/span>\n\t\t\t\t<span class=\"elementor-counter-number\" data-duration=\"2000\" data-to-value=\"95\" data-from-value=\"0\" data-delimiter=\",\">0<\/span>\n\t\t\t\t<span class=\"elementor-counter-number-suffix\">%<\/span>\n\t\t\t<\/div>\n\t\t<\/div>\n\t\t\t\t\t\t<\/div>\n\t\t\t\t<\/div>\n\t\t\t\t\t<\/div>\n\t\t<\/div>\n\t\t\t\t<div class=\"elementor-column elementor-col-50 elementor-inner-column elementor-element elementor-element-18ca514\" data-id=\"18ca514\" data-element_type=\"column\">\n\t\t\t<div class=\"elementor-widget-wrap elementor-element-populated\">\n\t\t\t\t\t\t<div class=\"elementor-element elementor-element-e83a4ae elementor-widget__width-auto elementor-widget elementor-widget-counter\" data-id=\"e83a4ae\" data-element_type=\"widget\" data-widget_type=\"counter.default\">\n\t\t\t\t<div class=\"elementor-widget-container\">\n\t\t\t\t\t\t\t<div class=\"elementor-counter\">\n\t\t\t<div class=\"elementor-counter-title\">Successfully implemented projects<\/div>\t\t\t<div class=\"elementor-counter-number-wrapper\">\n\t\t\t\t<span class=\"elementor-counter-number-prefix\"><\/span>\n\t\t\t\t<span class=\"elementor-counter-number\" data-duration=\"2000\" data-to-value=\"300\" data-from-value=\"0\" data-delimiter=\",\">0<\/span>\n\t\t\t\t<span class=\"elementor-counter-number-suffix\">+<\/span>\n\t\t\t<\/div>\n\t\t<\/div>\n\t\t\t\t\t\t<\/div>\n\t\t\t\t<\/div>\n\t\t\t\t\t<\/div>\n\t\t<\/div>\n\t\t\t\t\t<\/div>\n\t\t<\/section>\n\t\t\t\t\t<\/div>\n\t\t<\/div>\n\t\t\t\t\t<\/div>\n\t\t<\/section>\n\t\t\t\t<\/div>","protected":false},"excerpt":{"rendered":"<p>Combinamos digitalizaci\u00f3n, inteligencia y automatizaci\u00f3n para generar resultados reales Conoce Tlatec Conoce Tlatec En Teteocan Technologies, lideramos proyectos desde su conceptualizaci\u00f3n hasta la implementaci\u00f3n total, asegurando que cada soluci\u00f3n est\u00e9 alineada con los objetivos estrat\u00e9gicos de nuestros clientes. Nos especializamos en&#8230;<\/p>","protected":false},"author":1,"featured_media":0,"parent":0,"menu_order":0,"comment_status":"closed","ping_status":"closed","template":"","meta":{"footnotes":""},"class_list":["post-15623","page","type-page","status-publish","hentry"],"aioseo_notices":[],"_links":{"self":[{"href":"https:\/\/teteocan.com\/en\/wp-json\/wp\/v2\/pages\/15623","targetHints":{"allow":["GET"]}}],"collection":[{"href":"https:\/\/teteocan.com\/en\/wp-json\/wp\/v2\/pages"}],"about":[{"href":"https:\/\/teteocan.com\/en\/wp-json\/wp\/v2\/types\/page"}],"author":[{"embeddable":true,"href":"https:\/\/teteocan.com\/en\/wp-json\/wp\/v2\/users\/1"}],"replies":[{"embeddable":true,"href":"https:\/\/teteocan.com\/en\/wp-json\/wp\/v2\/comments?post=15623"}],"version-history":[{"count":150,"href":"https:\/\/teteocan.com\/en\/wp-json\/wp\/v2\/pages\/15623\/revisions"}],"predecessor-version":[{"id":25953,"href":"https:\/\/teteocan.com\/en\/wp-json\/wp\/v2\/pages\/15623\/revisions\/25953"}],"wp:attachment":[{"href":"https:\/\/teteocan.com\/en\/wp-json\/wp\/v2\/media?parent=15623"}],"curies":[{"name":"wp","href":"https:\/\/api.w.org\/{rel}","templated":true}]}}