{"id":23224,"date":"2025-06-06T21:08:23","date_gmt":"2025-06-06T21:08:23","guid":{"rendered":"https:\/\/teteocan.com\/redesign\/?page_id=23224"},"modified":"2025-07-04T16:07:51","modified_gmt":"2025-07-04T22:07:51","slug":"proyectos-en-desarrollo","status":"publish","type":"page","link":"https:\/\/teteocan.com\/en\/proyectos-en-desarrollo\/","title":{"rendered":"Projects in Development"},"content":{"rendered":"<div data-elementor-type=\"wp-page\" data-elementor-id=\"23224\" class=\"elementor elementor-23224\" data-elementor-post-type=\"page\">\n\t\t\t\t\t\t<section class=\"elementor-section elementor-top-section elementor-element elementor-element-5119cea elementor-section-boxed elementor-section-height-default elementor-section-height-default\" data-id=\"5119cea\" data-element_type=\"section\">\n\t\t\t\t\t\t<div class=\"elementor-container elementor-column-gap-default\">\n\t\t\t\t\t<div class=\"elementor-column elementor-col-100 elementor-top-column elementor-element elementor-element-74d8de5\" data-id=\"74d8de5\" data-element_type=\"column\">\n\t\t\t<div class=\"elementor-widget-wrap elementor-element-populated\">\n\t\t\t\t\t\t<div class=\"elementor-element elementor-element-6fed732 elementor-widget elementor-widget-text-editor\" data-id=\"6fed732\" data-element_type=\"widget\" data-widget_type=\"text-editor.default\">\n\t\t\t\t<div class=\"elementor-widget-container\">\n\t\t\t\t\t\t\t\t\t<h4>At Teteocan Technologies, we believe that innovation never stops. <strong><del>That&#039;s why, in addition to our active solutions, we are also developing tools and products that will transform<\/del><\/strong> how to work with data, automation and sustainable technology.<\/h4>\t\t\t\t\t\t\t\t<\/div>\n\t\t\t\t<\/div>\n\t\t\t\t\t<\/div>\n\t\t<\/div>\n\t\t\t\t\t<\/div>\n\t\t<\/section>\n\t\t\t\t<section class=\"elementor-section elementor-top-section elementor-element elementor-element-5ec74bf9 elementor-section-boxed elementor-section-height-default elementor-section-height-default\" data-id=\"5ec74bf9\" data-element_type=\"section\">\n\t\t\t\t\t\t<div class=\"elementor-container elementor-column-gap-wide\">\n\t\t\t\t\t<div class=\"elementor-column elementor-col-33 elementor-top-column elementor-element elementor-element-30e2d425\" data-id=\"30e2d425\" data-element_type=\"column\" data-settings=\"{&quot;background_background&quot;:&quot;classic&quot;}\">\n\t\t\t<div class=\"elementor-widget-wrap elementor-element-populated\">\n\t\t\t\t\t\t<div class=\"elementor-element elementor-element-4a18a3ef head-proyectos elementor-widget elementor-widget-neuros_heading\" data-id=\"4a18a3ef\" data-element_type=\"widget\" id=\"head-proyectos\" data-widget_type=\"neuros_heading.default\">\n\t\t\t\t<div class=\"elementor-widget-container\">\n\t\t\t\t\t<div class=\"neuros-heading-widget\"><h5 class=\"neuros-heading\"><span class=\"neuros-heading-content has_gradient_color_text\"><strong>TeteoPlay \u2013 Video games with a purpose<\/strong><\/span><\/h5><\/div>\t\t\t\t<\/div>\n\t\t\t\t<\/div>\n\t\t\t\t<div class=\"elementor-element elementor-element-74407a05 elementor-widget elementor-widget-text-editor\" data-id=\"74407a05\" data-element_type=\"widget\" data-widget_type=\"text-editor.default\">\n\t\t\t\t<div class=\"elementor-widget-container\">\n\t\t\t\t\t\t\t\t\t<p>We develop interactive video games with an educational, entertainment, and corporate focus for portfolios, engagement, and digital marketing.<\/p>\t\t\t\t\t\t\t\t<\/div>\n\t\t\t\t<\/div>\n\t\t\t\t<div class=\"elementor-element elementor-element-7513afe6 elementor-view-stacked neuros-icon-decoration-on elementor-absolute neuros-icon-alignment-right elementor-shape-circle elementor-widget elementor-widget-icon\" data-id=\"7513afe6\" data-element_type=\"widget\" data-settings=\"{&quot;_position&quot;:&quot;absolute&quot;}\" data-widget_type=\"icon.default\">\n\t\t\t\t<div class=\"elementor-widget-container\">\n\t\t\t\t\t\t\t<div class=\"elementor-icon-wrapper\">\n\t\t\t<a class=\"elementor-icon elementor-animation-slide-horizontal\" href=\"https:\/\/teteocan.com\/projects\/teteoplay\/\">\n\t\t\t<i aria-hidden=\"true\" class=\"fontello icon-button-arrow\"><\/i>\t\t\t<\/a>\n\t\t<\/div>\n\t\t\t\t\t\t<\/div>\n\t\t\t\t<\/div>\n\t\t\t\t\t<\/div>\n\t\t<\/div>\n\t\t\t\t<div class=\"elementor-column elementor-col-33 elementor-top-column elementor-element elementor-element-56e6420f\" data-id=\"56e6420f\" data-element_type=\"column\" data-settings=\"{&quot;background_background&quot;:&quot;gradient&quot;}\">\n\t\t\t<div class=\"elementor-widget-wrap elementor-element-populated\">\n\t\t\t\t\t<div class=\"elementor-background-overlay\"><\/div>\n\t\t\t\t\t\t<div class=\"elementor-element elementor-element-2af0fd86 head-proyectos elementor-widget elementor-widget-neuros_heading\" data-id=\"2af0fd86\" data-element_type=\"widget\" id=\"head-proyectos\" data-widget_type=\"neuros_heading.default\">\n\t\t\t\t<div class=\"elementor-widget-container\">\n\t\t\t\t\t<div class=\"neuros-heading-widget\"><h5 class=\"neuros-heading\"><span class=\"neuros-heading-content has_gradient_color_text\"><strong>Discover Tlatec<\/strong><\/span><\/h5><\/div>\t\t\t\t<\/div>\n\t\t\t\t<\/div>\n\t\t\t\t<div class=\"elementor-element elementor-element-648710e2 elementor-widget elementor-widget-text-editor\" data-id=\"648710e2\" data-element_type=\"widget\" data-widget_type=\"text-editor.default\">\n\t\t\t\t<div class=\"elementor-widget-container\">\n\t\t\t\t\t\t\t\t\tAn affordable business dashboard solution for small and medium-sized Mexican businesses that want to understand their data and make real decisions without spending a fortune. \t\t\t\t\t\t\t\t<\/div>\n\t\t\t\t<\/div>\n\t\t\t\t<div class=\"elementor-element elementor-element-72f53480 elementor-view-stacked neuros-icon-decoration-on neuros-icon-alignment-right elementor-shape-circle elementor-widget elementor-widget-icon\" data-id=\"72f53480\" data-element_type=\"widget\" data-widget_type=\"icon.default\">\n\t\t\t\t<div class=\"elementor-widget-container\">\n\t\t\t\t\t\t\t<div class=\"elementor-icon-wrapper\">\n\t\t\t<a class=\"elementor-icon elementor-animation-slide-horizontal\" href=\"https:\/\/teteocan.com\/services\/tlatec\/\">\n\t\t\t<i aria-hidden=\"true\" class=\"fontello icon-button-arrow\"><\/i>\t\t\t<\/a>\n\t\t<\/div>\n\t\t\t\t\t\t<\/div>\n\t\t\t\t<\/div>\n\t\t\t\t\t<\/div>\n\t\t<\/div>\n\t\t\t\t<div class=\"elementor-column elementor-col-33 elementor-top-column elementor-element elementor-element-7978c143\" data-id=\"7978c143\" data-element_type=\"column\">\n\t\t\t<div class=\"elementor-widget-wrap elementor-element-populated\">\n\t\t\t\t\t\t<section class=\"elementor-section elementor-inner-section elementor-element elementor-element-30d2ddeb elementor-section-boxed elementor-section-height-default elementor-section-height-default\" data-id=\"30d2ddeb\" data-element_type=\"section\" data-settings=\"{&quot;background_background&quot;:&quot;classic&quot;}\">\n\t\t\t\t\t\t\t<div class=\"elementor-background-overlay\"><\/div>\n\t\t\t\t\t\t\t<div class=\"elementor-container elementor-column-gap-default\">\n\t\t\t\t\t<div class=\"elementor-column elementor-col-100 elementor-inner-column elementor-element elementor-element-50c0f1a5\" data-id=\"50c0f1a5\" data-element_type=\"column\">\n\t\t\t<div class=\"elementor-widget-wrap elementor-element-populated\">\n\t\t\t\t\t\t<div class=\"elementor-element elementor-element-3cbd612c head-proyectos elementor-widget elementor-widget-neuros_heading\" data-id=\"3cbd612c\" data-element_type=\"widget\" id=\"head-proyectos\" data-widget_type=\"neuros_heading.default\">\n\t\t\t\t<div class=\"elementor-widget-container\">\n\t\t\t\t\t<div class=\"neuros-heading-widget\"><h5 class=\"neuros-heading\"><span class=\"neuros-heading-content has_gradient_color_text\"><strong>TeteoGreen Evolve Initiative<\/strong><\/span><\/h5><\/div>\t\t\t\t<\/div>\n\t\t\t\t<\/div>\n\t\t\t\t<div class=\"elementor-element elementor-element-5ed22a13 elementor-widget__width-auto elementor-widget elementor-widget-counter\" data-id=\"5ed22a13\" data-element_type=\"widget\" data-widget_type=\"counter.default\">\n\t\t\t\t<div class=\"elementor-widget-container\">\n\t\t\t\t\t\t\t<div class=\"elementor-counter\">\n\t\t\t<div class=\"elementor-counter-title\">Sustainability initiatives <br> active<\/div>\t\t\t<div class=\"elementor-counter-number-wrapper\">\n\t\t\t\t<span class=\"elementor-counter-number-prefix\"><\/span>\n\t\t\t\t<span class=\"elementor-counter-number\" data-duration=\"2000\" data-to-value=\"5\" data-from-value=\"0\" data-delimiter=\",\">0<\/span>\n\t\t\t\t<span class=\"elementor-counter-number-suffix\">+<\/span>\n\t\t\t<\/div>\n\t\t<\/div>\n\t\t\t\t\t\t<\/div>\n\t\t\t\t<\/div>\n\t\t\t\t<div class=\"elementor-element elementor-element-29729735 elementor-view-stacked neuros-icon-decoration-on neuros-icon-alignment-right elementor-shape-circle elementor-widget elementor-widget-icon\" data-id=\"29729735\" data-element_type=\"widget\" data-widget_type=\"icon.default\">\n\t\t\t\t<div class=\"elementor-widget-container\">\n\t\t\t\t\t\t\t<div class=\"elementor-icon-wrapper\">\n\t\t\t<a class=\"elementor-icon elementor-animation-slide-horizontal\" href=\"https:\/\/teteocan.com\/projects\/teteogreen\/\">\n\t\t\t<i aria-hidden=\"true\" class=\"fontello icon-button-arrow\"><\/i>\t\t\t<\/a>\n\t\t<\/div>\n\t\t\t\t\t\t<\/div>\n\t\t\t\t<\/div>\n\t\t\t\t\t<\/div>\n\t\t<\/div>\n\t\t\t\t\t<\/div>\n\t\t<\/section>\n\t\t\t\t<section class=\"elementor-section elementor-inner-section elementor-element elementor-element-6f0514ed elementor-section-boxed elementor-section-height-default elementor-section-height-default\" data-id=\"6f0514ed\" data-element_type=\"section\" data-settings=\"{&quot;background_background&quot;:&quot;classic&quot;}\">\n\t\t\t\t\t\t<div class=\"elementor-container elementor-column-gap-default\">\n\t\t\t\t\t<div class=\"elementor-column elementor-col-100 elementor-inner-column elementor-element elementor-element-7caea282\" data-id=\"7caea282\" data-element_type=\"column\">\n\t\t\t<div class=\"elementor-widget-wrap elementor-element-populated\">\n\t\t\t\t\t\t<div class=\"elementor-element elementor-element-da48073 head-proyectos elementor-widget elementor-widget-text-editor\" data-id=\"da48073\" data-element_type=\"widget\" id=\"head-proyectos\" data-widget_type=\"text-editor.default\">\n\t\t\t\t<div class=\"elementor-widget-container\">\n\t\t\t\t\t\t\t\t\t<h3><strong>Other Projects<\/strong><\/h3>\t\t\t\t\t\t\t\t<\/div>\n\t\t\t\t<\/div>\n\t\t\t\t<div class=\"elementor-element elementor-element-708f9029 elementor-view-stacked neuros-icon-decoration-on neuros-icon-alignment-right elementor-shape-circle elementor-widget elementor-widget-icon\" data-id=\"708f9029\" data-element_type=\"widget\" data-widget_type=\"icon.default\">\n\t\t\t\t<div class=\"elementor-widget-container\">\n\t\t\t\t\t\t\t<div class=\"elementor-icon-wrapper\">\n\t\t\t<a class=\"elementor-icon elementor-animation-slide-horizontal\" href=\"https:\/\/teteocan.com\/projects\/otros\/\">\n\t\t\t<i aria-hidden=\"true\" class=\"fontello icon-button-arrow\"><\/i>\t\t\t<\/a>\n\t\t<\/div>\n\t\t\t\t\t\t<\/div>\n\t\t\t\t<\/div>\n\t\t\t\t\t<\/div>\n\t\t<\/div>\n\t\t\t\t\t<\/div>\n\t\t<\/section>\n\t\t\t\t\t<\/div>\n\t\t<\/div>\n\t\t\t\t\t<\/div>\n\t\t<\/section>\n\t\t\t\t<section class=\"elementor-section elementor-top-section elementor-element elementor-element-8c092c7 elementor-section-boxed elementor-section-height-default elementor-section-height-default\" data-id=\"8c092c7\" data-element_type=\"section\">\n\t\t\t\t\t\t<div class=\"elementor-container elementor-column-gap-default\">\n\t\t\t\t\t<div class=\"elementor-column elementor-col-100 elementor-top-column elementor-element elementor-element-3e81c1d\" data-id=\"3e81c1d\" data-element_type=\"column\">\n\t\t\t<div class=\"elementor-widget-wrap elementor-element-populated\">\n\t\t\t\t\t\t<div class=\"elementor-element elementor-element-945844e elementor-widget elementor-widget-spacer\" data-id=\"945844e\" data-element_type=\"widget\" data-widget_type=\"spacer.default\">\n\t\t\t\t<div class=\"elementor-widget-container\">\n\t\t\t\t\t\t\t<div class=\"elementor-spacer\">\n\t\t\t<div class=\"elementor-spacer-inner\"><\/div>\n\t\t<\/div>\n\t\t\t\t\t\t<\/div>\n\t\t\t\t<\/div>\n\t\t\t\t\t<\/div>\n\t\t<\/div>\n\t\t\t\t\t<\/div>\n\t\t<\/section>\n\t\t\t\t<\/div>","protected":false},"excerpt":{"rendered":"<p>En Teteocan Technologies creemos que la innovaci\u00f3n no se detiene. Por eso, adem\u00e1s de nuestras soluciones activas, tambi\u00e9n estamos desarrollando herramientas y productos que transformar\u00e1n c\u00f3mo se trabaja con datos, automatizaci\u00f3n y tecnolog\u00eda sustentable. Desarrollamos videojuegos interactivos con enfoque educativo, de&#8230;<\/p>","protected":false},"author":1,"featured_media":0,"parent":0,"menu_order":0,"comment_status":"closed","ping_status":"closed","template":"","meta":{"footnotes":""},"class_list":["post-23224","page","type-page","status-publish","hentry"],"aioseo_notices":[],"_links":{"self":[{"href":"https:\/\/teteocan.com\/en\/wp-json\/wp\/v2\/pages\/23224","targetHints":{"allow":["GET"]}}],"collection":[{"href":"https:\/\/teteocan.com\/en\/wp-json\/wp\/v2\/pages"}],"about":[{"href":"https:\/\/teteocan.com\/en\/wp-json\/wp\/v2\/types\/page"}],"author":[{"embeddable":true,"href":"https:\/\/teteocan.com\/en\/wp-json\/wp\/v2\/users\/1"}],"replies":[{"embeddable":true,"href":"https:\/\/teteocan.com\/en\/wp-json\/wp\/v2\/comments?post=23224"}],"version-history":[{"count":146,"href":"https:\/\/teteocan.com\/en\/wp-json\/wp\/v2\/pages\/23224\/revisions"}],"predecessor-version":[{"id":25703,"href":"https:\/\/teteocan.com\/en\/wp-json\/wp\/v2\/pages\/23224\/revisions\/25703"}],"wp:attachment":[{"href":"https:\/\/teteocan.com\/en\/wp-json\/wp\/v2\/media?parent=23224"}],"curies":[{"name":"wp","href":"https:\/\/api.w.org\/{rel}","templated":true}]}}