{"id":23783,"date":"2025-06-08T18:49:50","date_gmt":"2025-06-08T18:49:50","guid":{"rendered":"https:\/\/teteocan.com\/redesign\/?page_id=23783"},"modified":"2025-06-08T21:23:00","modified_gmt":"2025-06-08T21:23:00","slug":"garantia-de-satisfaccion","status":"publish","type":"page","link":"https:\/\/teteocan.com\/en\/garantia-de-satisfaccion\/","title":{"rendered":"Satisfaction Guarantee"},"content":{"rendered":"<div data-elementor-type=\"wp-page\" data-elementor-id=\"23783\" class=\"elementor elementor-23783\" data-elementor-post-type=\"page\">\n\t\t\t\t\t\t<section class=\"elementor-section elementor-top-section elementor-element elementor-element-1aa5e23e elementor-section-boxed elementor-section-height-default elementor-section-height-default\" data-id=\"1aa5e23e\" data-element_type=\"section\">\n\t\t\t\t\t\t<div class=\"elementor-container elementor-column-gap-default\">\n\t\t\t\t\t<div class=\"elementor-column elementor-col-100 elementor-top-column elementor-element elementor-element-59876791\" data-id=\"59876791\" data-element_type=\"column\">\n\t\t\t<div class=\"elementor-widget-wrap elementor-element-populated\">\n\t\t\t\t\t\t<div class=\"elementor-element elementor-element-399faa2d elementor-widget elementor-widget-text-editor\" data-id=\"399faa2d\" data-element_type=\"widget\" data-widget_type=\"text-editor.default\">\n\t\t\t\t<div class=\"elementor-widget-container\">\n\t\t\t\t\t\t\t\t\t<h1>SATISFACTION GUARANTEE<\/h1><h3>Update Date: November 1, 2024<\/h3><p>Welcome to <strong>TETEOCAN TECHNOLOGIES<\/strong><\/p><p>\u00a0<\/p><p>In <strong>TETEOCAN TECHNOLOGIES<\/strong>, we pride ourselves on delivering high-quality technology solutions that deliver real results. We know that customer satisfaction is<br \/>essential to building lasting relationships and generating mutual value.\u00a0<\/p><p>Therefore, we have implemented this satisfaction guarantee with additional adjustments, designed to ensure that our customers are fully satisfied with the services they receive.<\/p>\t\t\t\t\t\t\t\t<\/div>\n\t\t\t\t<\/div>\n\t\t\t\t<div class=\"elementor-element elementor-element-51a9074b elementor-widget elementor-widget-text-editor\" data-id=\"51a9074b\" data-element_type=\"widget\" data-widget_type=\"text-editor.default\">\n\t\t\t\t<div class=\"elementor-widget-container\">\n\t\t\t\t\t\t\t\t\t<h3>1. Description of the Warranty<\/h3>  This guarantee ensures that if at the end of the project the client is not completely satisfied with the result delivered within the <strong>previously agreed scope, TETEOCAN TECHNOLOGIES<\/strong> undertakes to carry out <strong>specific adjustments at no additional cost<\/strong>, within a period of <strong>30 days after final delivery<\/strong>.\t\t\t\t\t\t\t\t<\/div>\n\t\t\t\t<\/div>\n\t\t\t\t<div class=\"elementor-element elementor-element-1e2b0e9c elementor-widget elementor-widget-text-editor\" data-id=\"1e2b0e9c\" data-element_type=\"widget\" data-widget_type=\"text-editor.default\">\n\t\t\t\t<div class=\"elementor-widget-container\">\n\t\t\t\t\t\t\t\t\t<h3>2. Scope of the Guarantee<\/h3><p>The guarantee applies only to the deliverables specified in the initial proposal or contract. Free adjustments will only cover items that:<\/p>\t\t\t\t\t\t\t\t<\/div>\n\t\t\t\t<\/div>\n\t\t\t\t<div class=\"elementor-element elementor-element-15bd52b6 elementor-icon-list--layout-traditional elementor-list-item-link-full_width elementor-widget elementor-widget-icon-list\" data-id=\"15bd52b6\" data-element_type=\"widget\" data-widget_type=\"icon-list.default\">\n\t\t\t\t<div class=\"elementor-widget-container\">\n\t\t\t\t\t\t\t<ul class=\"elementor-icon-list-items\">\n\t\t\t\t\t\t\t<li class=\"elementor-icon-list-item\">\n\t\t\t\t\t\t\t\t\t\t\t<span class=\"elementor-icon-list-icon\">\n\t\t\t\t\t\t\t<i aria-hidden=\"true\" class=\"fontello icon-check-circle\"><\/i>\t\t\t\t\t\t<\/span>\n\t\t\t\t\t\t\t\t\t\t<span class=\"elementor-icon-list-text\">Have been clearly specified and approved from the outset, and<\/span>\n\t\t\t\t\t\t\t\t\t<\/li>\n\t\t\t\t\t\t\t\t<li class=\"elementor-icon-list-item\">\n\t\t\t\t\t\t\t\t\t\t\t<span class=\"elementor-icon-list-icon\">\n\t\t\t\t\t\t\t<i aria-hidden=\"true\" class=\"fontello icon-check-circle\"><\/i>\t\t\t\t\t\t<\/span>\n\t\t\t\t\t\t\t\t\t\t<span class=\"elementor-icon-list-text\">They do not meet the quality standards agreed upon by both parties.<\/span>\n\t\t\t\t\t\t\t\t\t<\/li>\n\t\t\t\t\t\t<\/ul>\n\t\t\t\t\t\t<\/div>\n\t\t\t\t<\/div>\n\t\t\t\t<div class=\"elementor-element elementor-element-513d785d elementor-widget elementor-widget-text-editor\" data-id=\"513d785d\" data-element_type=\"widget\" data-widget_type=\"text-editor.default\">\n\t\t\t\t<div class=\"elementor-widget-container\">\n\t\t\t\t\t\t\t\t\t<h3>3. Exclusions<\/h3> The warranty does not cover the <strong>following<\/strong>:\t\t\t\t\t\t\t\t<\/div>\n\t\t\t\t<\/div>\n\t\t\t\t<div class=\"elementor-element elementor-element-42274fbe elementor-icon-list--layout-traditional elementor-list-item-link-full_width elementor-widget elementor-widget-icon-list\" data-id=\"42274fbe\" data-element_type=\"widget\" data-widget_type=\"icon-list.default\">\n\t\t\t\t<div class=\"elementor-widget-container\">\n\t\t\t\t\t\t\t<ul class=\"elementor-icon-list-items\">\n\t\t\t\t\t\t\t<li class=\"elementor-icon-list-item\">\n\t\t\t\t\t\t\t\t\t\t\t<span class=\"elementor-icon-list-icon\">\n\t\t\t\t\t\t\t<i aria-hidden=\"true\" class=\"fontello icon-check-circle\"><\/i>\t\t\t\t\t\t<\/span>\n\t\t\t\t\t\t\t\t\t\t<span class=\"elementor-icon-list-text\">New requirements or substantial changes requested after delivery.<\/span>\n\t\t\t\t\t\t\t\t\t<\/li>\n\t\t\t\t\t\t\t\t<li class=\"elementor-icon-list-item\">\n\t\t\t\t\t\t\t\t\t\t\t<span class=\"elementor-icon-list-icon\">\n\t\t\t\t\t\t\t<i aria-hidden=\"true\" class=\"fontello icon-check-circle\"><\/i>\t\t\t\t\t\t<\/span>\n\t\t\t\t\t\t\t\t\t\t<span class=\"elementor-icon-list-text\">Modifications to the scope, functionality or features not included in the initial contract.<\/span>\n\t\t\t\t\t\t\t\t\t<\/li>\n\t\t\t\t\t\t\t\t<li class=\"elementor-icon-list-item\">\n\t\t\t\t\t\t\t\t\t\t\t<span class=\"elementor-icon-list-icon\">\n\t\t\t\t\t\t\t<i aria-hidden=\"true\" class=\"fontello icon-check-circle\"><\/i>\t\t\t\t\t\t<\/span>\n\t\t\t\t\t\t\t\t\t\t<span class=\"elementor-icon-list-text\">Requests made outside the 30-day period following final delivery.<\/span>\n\t\t\t\t\t\t\t\t\t<\/li>\n\t\t\t\t\t\t<\/ul>\n\t\t\t\t\t\t<\/div>\n\t\t\t\t<\/div>\n\t\t\t\t<div class=\"elementor-element elementor-element-58eb6ed9 elementor-widget elementor-widget-text-editor\" data-id=\"58eb6ed9\" data-element_type=\"widget\" data-widget_type=\"text-editor.default\">\n\t\t\t\t<div class=\"elementor-widget-container\">\n\t\t\t\t\t\t\t\t\tIn case of an incident, we will immediately notify users and relevant authorities.\t\t\t\t\t\t\t\t<\/div>\n\t\t\t\t<\/div>\n\t\t\t\t<div class=\"elementor-element elementor-element-8908f43 elementor-widget elementor-widget-text-editor\" data-id=\"8908f43\" data-element_type=\"widget\" data-widget_type=\"text-editor.default\">\n\t\t\t\t<div class=\"elementor-widget-container\">\n\t\t\t\t\t\t\t\t\t<h3>4. Application Procedure<\/h3> To activate this guarantee, the customer must:\t\t\t\t\t\t\t\t<\/div>\n\t\t\t\t<\/div>\n\t\t\t\t<div class=\"elementor-element elementor-element-45749e0d elementor-icon-list--layout-traditional elementor-list-item-link-full_width elementor-widget elementor-widget-icon-list\" data-id=\"45749e0d\" data-element_type=\"widget\" data-widget_type=\"icon-list.default\">\n\t\t\t\t<div class=\"elementor-widget-container\">\n\t\t\t\t\t\t\t<ul class=\"elementor-icon-list-items\">\n\t\t\t\t\t\t\t<li class=\"elementor-icon-list-item\">\n\t\t\t\t\t\t\t\t\t\t\t<span class=\"elementor-icon-list-icon\">\n\t\t\t\t\t\t\t<i aria-hidden=\"true\" class=\"fontello icon-check-circle\"><\/i>\t\t\t\t\t\t<\/span>\n\t\t\t\t\t\t\t\t\t\t<span class=\"elementor-icon-list-text\">Contact TETEOCAN TECHNOLOGIES within the established period.<\/span>\n\t\t\t\t\t\t\t\t\t<\/li>\n\t\t\t\t\t\t\t\t<li class=\"elementor-icon-list-item\">\n\t\t\t\t\t\t\t\t\t\t\t<span class=\"elementor-icon-list-icon\">\n\t\t\t\t\t\t\t<i aria-hidden=\"true\" class=\"fontello icon-check-circle\"><\/i>\t\t\t\t\t\t<\/span>\n\t\t\t\t\t\t\t\t\t\t<span class=\"elementor-icon-list-text\">Detail the elements considered unsatisfactory.<\/span>\n\t\t\t\t\t\t\t\t\t<\/li>\n\t\t\t\t\t\t\t\t<li class=\"elementor-icon-list-item\">\n\t\t\t\t\t\t\t\t\t\t\t<span class=\"elementor-icon-list-icon\">\n\t\t\t\t\t\t\t<i aria-hidden=\"true\" class=\"fontello icon-check-circle\"><\/i>\t\t\t\t\t\t<\/span>\n\t\t\t\t\t\t\t\t\t\t<span class=\"elementor-icon-list-text\">Provide clear information that allows the request to be evaluated and validated<\/span>\n\t\t\t\t\t\t\t\t\t<\/li>\n\t\t\t\t\t\t<\/ul>\n\t\t\t\t\t\t<\/div>\n\t\t\t\t<\/div>\n\t\t\t\t<div class=\"elementor-element elementor-element-142e65f2 elementor-widget elementor-widget-text-editor\" data-id=\"142e65f2\" data-element_type=\"widget\" data-widget_type=\"text-editor.default\">\n\t\t\t\t<div class=\"elementor-widget-container\">\n\t\t\t\t\t\t\t\t\t<p>Once received, the team will evaluate the case and make the appropriate adjustments within a reasonable timeframe.<\/p>\t\t\t\t\t\t\t\t<\/div>\n\t\t\t\t<\/div>\n\t\t\t\t<div class=\"elementor-element elementor-element-69e2edf2 elementor-widget elementor-widget-text-editor\" data-id=\"69e2edf2\" data-element_type=\"widget\" data-widget_type=\"text-editor.default\">\n\t\t\t\t<div class=\"elementor-widget-container\">\n\t\t\t\t\t\t\t\t\t<h3>5. Limitation of Liability<\/h3> This guarantee aims to maintain the highest quality standards. However, <strong>TETEOCAN TECHNOLOGIES<\/strong> is not responsible for any external impact or commercial results arising from the use of the service, provided that these are not directly related to non-compliance with the agreed scope.\t\t\t\t\t\t\t\t<\/div>\n\t\t\t\t<\/div>\n\t\t\t\t<div class=\"elementor-element elementor-element-189e143d elementor-widget elementor-widget-text-editor\" data-id=\"189e143d\" data-element_type=\"widget\" data-widget_type=\"text-editor.default\">\n\t\t\t\t<div class=\"elementor-widget-container\">\n\t\t\t\t\t\t\t\t\t<h3>6. Final Commitment<\/h3><p>We appreciate your trust in us <strong>TETEOCAN TECHNOLOGIES.<\/strong> This guarantee represents our firm commitment to excellence and continuous improvement. Your investment is backed by a team focused on meeting\u2014and exceeding\u2014your expectations.\u00a0<\/p>\t\t\t\t\t\t\t\t<\/div>\n\t\t\t\t<\/div>\n\t\t\t\t<div class=\"elementor-element elementor-element-1f201261 elementor-widget elementor-widget-text-editor\" data-id=\"1f201261\" data-element_type=\"widget\" data-widget_type=\"text-editor.default\">\n\t\t\t\t<div class=\"elementor-widget-container\">\n\t\t\t\t\t\t\t\t\t<h3>Contact<\/h3><p>For questions or requests related to this policy, you can contact us through:\u00a0<\/p><p>Email: contacto@teteocan.com<br \/>\u2022 WhatsApp: +52 55 1198 7439<br \/>\u2022 Address: Cuautitl\u00e1n Izcalli, State of Mexico, Mexico<\/p>\t\t\t\t\t\t\t\t<\/div>\n\t\t\t\t<\/div>\n\t\t\t\t\t<\/div>\n\t\t<\/div>\n\t\t\t\t\t<\/div>\n\t\t<\/section>\n\t\t\t\t<\/div>","protected":false},"excerpt":{"rendered":"<p>GARANT\u00cdA DE SATISFACCI\u00d3N Fecha de actualizaci\u00f3n: 1 de noviembre de 2024 Bienvenido a TETEOCAN TECHNOLOGIES \u00a0 En TETEOCAN TECHNOLOGIES, nos enorgullece ofrecer soluciones tecnol\u00f3gicas de alta calidad que generan resultados reales. Sabemos que la satisfacci\u00f3n del cliente esfundamental para construir relaciones&#8230;<\/p>","protected":false},"author":1,"featured_media":0,"parent":0,"menu_order":0,"comment_status":"closed","ping_status":"closed","template":"","meta":{"footnotes":""},"class_list":["post-23783","page","type-page","status-publish","hentry"],"aioseo_notices":[],"_links":{"self":[{"href":"https:\/\/teteocan.com\/en\/wp-json\/wp\/v2\/pages\/23783","targetHints":{"allow":["GET"]}}],"collection":[{"href":"https:\/\/teteocan.com\/en\/wp-json\/wp\/v2\/pages"}],"about":[{"href":"https:\/\/teteocan.com\/en\/wp-json\/wp\/v2\/types\/page"}],"author":[{"embeddable":true,"href":"https:\/\/teteocan.com\/en\/wp-json\/wp\/v2\/users\/1"}],"replies":[{"embeddable":true,"href":"https:\/\/teteocan.com\/en\/wp-json\/wp\/v2\/comments?post=23783"}],"version-history":[{"count":22,"href":"https:\/\/teteocan.com\/en\/wp-json\/wp\/v2\/pages\/23783\/revisions"}],"predecessor-version":[{"id":23905,"href":"https:\/\/teteocan.com\/en\/wp-json\/wp\/v2\/pages\/23783\/revisions\/23905"}],"wp:attachment":[{"href":"https:\/\/teteocan.com\/en\/wp-json\/wp\/v2\/media?parent=23783"}],"curies":[{"name":"wp","href":"https:\/\/api.w.org\/{rel}","templated":true}]}}