{"id":24104,"date":"2025-06-10T17:52:07","date_gmt":"2025-06-10T17:52:07","guid":{"rendered":"https:\/\/teteocan.com\/redesign\/?page_id=24104"},"modified":"2025-06-10T18:33:40","modified_gmt":"2025-06-10T18:33:40","slug":"tc-analisis-de-datos","status":"publish","type":"page","link":"https:\/\/teteocan.com\/en\/tc-analisis-de-datos\/","title":{"rendered":"T&amp;C Data Analysis"},"content":{"rendered":"<div data-elementor-type=\"wp-page\" data-elementor-id=\"24104\" class=\"elementor elementor-24104\" data-elementor-post-type=\"page\">\n\t\t\t\t\t\t<section class=\"elementor-section elementor-top-section elementor-element elementor-element-65adfd93 elementor-section-boxed elementor-section-height-default elementor-section-height-default\" data-id=\"65adfd93\" data-element_type=\"section\">\n\t\t\t\t\t\t<div class=\"elementor-container elementor-column-gap-default\">\n\t\t\t\t\t<div class=\"elementor-column elementor-col-100 elementor-top-column elementor-element elementor-element-728bd9b1\" data-id=\"728bd9b1\" data-element_type=\"column\">\n\t\t\t<div class=\"elementor-widget-wrap elementor-element-populated\">\n\t\t\t\t\t\t<div class=\"elementor-element elementor-element-2846f76d elementor-widget elementor-widget-text-editor\" data-id=\"2846f76d\" data-element_type=\"widget\" data-widget_type=\"text-editor.default\">\n\t\t\t\t<div class=\"elementor-widget-container\">\n\t\t\t\t\t\t\t\t\t<h1>TERMS AND CONDITIONS PILLAR: DATA ANALYSIS<\/h1><h3>Update Date: June 1, 2025<\/h3><p>1. GENERAL SERVICE 1.1 Services included:<\/p>\t\t\t\t\t\t\t\t<\/div>\n\t\t\t\t<\/div>\n\t\t\t\t<div class=\"elementor-element elementor-element-47d0229f elementor-icon-list--layout-traditional elementor-list-item-link-full_width elementor-widget elementor-widget-icon-list\" data-id=\"47d0229f\" data-element_type=\"widget\" data-widget_type=\"icon-list.default\">\n\t\t\t\t<div class=\"elementor-widget-container\">\n\t\t\t\t\t\t\t<ul class=\"elementor-icon-list-items\">\n\t\t\t\t\t\t\t<li class=\"elementor-icon-list-item\">\n\t\t\t\t\t\t\t\t\t\t\t<span class=\"elementor-icon-list-icon\">\n\t\t\t\t\t\t\t<i aria-hidden=\"true\" class=\"fontello icon-check-circle\"><\/i>\t\t\t\t\t\t<\/span>\n\t\t\t\t\t\t\t\t\t\t<span class=\"elementor-icon-list-text\">Custom data analysis (visualization via dashboards, control panels, KPIs) <\/span>\n\t\t\t\t\t\t\t\t\t<\/li>\n\t\t\t\t\t\t\t\t<li class=\"elementor-icon-list-item\">\n\t\t\t\t\t\t\t\t\t\t\t<span class=\"elementor-icon-list-icon\">\n\t\t\t\t\t\t\t<i aria-hidden=\"true\" class=\"fontello icon-check-circle\"><\/i>\t\t\t\t\t\t<\/span>\n\t\t\t\t\t\t\t\t\t\t<span class=\"elementor-icon-list-text\">Cloud solution architecture (Huawei Cloud or other provider) <\/span>\n\t\t\t\t\t\t\t\t\t<\/li>\n\t\t\t\t\t\t\t\t<li class=\"elementor-icon-list-item\">\n\t\t\t\t\t\t\t\t\t\t\t<span class=\"elementor-icon-list-icon\">\n\t\t\t\t\t\t\t<i aria-hidden=\"true\" class=\"fontello icon-check-circle\"><\/i>\t\t\t\t\t\t<\/span>\n\t\t\t\t\t\t\t\t\t\t<span class=\"elementor-icon-list-text\">Database design and implementation \u2022 Specialized business and technology consulting<\/span>\n\t\t\t\t\t\t\t\t\t<\/li>\n\t\t\t\t\t\t<\/ul>\n\t\t\t\t\t\t<\/div>\n\t\t\t\t<\/div>\n\t\t\t\t<div class=\"elementor-element elementor-element-72e75cda elementor-widget elementor-widget-text-editor\" data-id=\"72e75cda\" data-element_type=\"widget\" data-widget_type=\"text-editor.default\">\n\t\t\t\t<div class=\"elementor-widget-container\">\n\t\t\t\t\t\t\t\t\t<h6>1.2 Target audience: Companies, entrepreneurs and organizations seeking to understand<br \/>better your data to make informed decisions and structure technological solutions to<br \/>the measure.<\/h6><p>1.3 Delivery method: All services are provided remotely, except for special requirements.<\/p>\t\t\t\t\t\t\t\t<\/div>\n\t\t\t\t<\/div>\n\t\t\t\t<div class=\"elementor-element elementor-element-28571305 elementor-widget elementor-widget-text-editor\" data-id=\"28571305\" data-element_type=\"widget\" data-widget_type=\"text-editor.default\">\n\t\t\t\t<div class=\"elementor-widget-container\">\n\t\t\t\t\t\t\t\t\t<p><strong>Documents and communications:<\/strong> Any subsequent exchange may contain additional information relevant for operational or business purposes.<br \/>We also use tools such as <strong>Google<\/strong> <strong>Analytics<\/strong> and <strong>Google Ads<\/strong>, which collect data through cookies for statistical and advertising purposes<\/p>\t\t\t\t\t\t\t\t<\/div>\n\t\t\t\t<\/div>\n\t\t\t\t<div class=\"elementor-element elementor-element-78e6532f elementor-widget elementor-widget-text-editor\" data-id=\"78e6532f\" data-element_type=\"widget\" data-widget_type=\"text-editor.default\">\n\t\t\t\t<div class=\"elementor-widget-container\">\n\t\t\t\t\t\t\t\t\t<h3>2. HIRING AND PAYMENTS<\/h3><p>2.1 Payment scheme: \u2022 Data analysis: single payment or<br \/>per project, depending on complexity \u2022 Architecture and databases: 50% at the start, 50%<br \/>upon completion \u2022 Consulting: It can be hourly, project-based or on a fixed-term basis<br \/>monthly according to the agreement<\/p>\t\t\t\t\t\t\t\t<\/div>\n\t\t\t\t<\/div>\n\t\t\t\t<div class=\"elementor-element elementor-element-a2360e9 elementor-widget elementor-widget-text-editor\" data-id=\"a2360e9\" data-element_type=\"widget\" data-widget_type=\"text-editor.default\">\n\t\t\t\t<div class=\"elementor-widget-container\">\n\t\t\t\t\t\t\t\t\t<p>2.2 Payment methods: \u2022 Bank transfer, card or online payments \u2022 No payment is initiated<br \/>work without the corresponding initial payment<br \/>2.3 Refund Policy: \u2022 Before starting the project: No refunds \u2022 With 0%-20%<br \/>Advance: Refund up to 20% \u2022 From 21% advance: No refunds<\/p>\t\t\t\t\t\t\t\t<\/div>\n\t\t\t\t<\/div>\n\t\t\t\t<div class=\"elementor-element elementor-element-2f96adfe elementor-widget elementor-widget-text-editor\" data-id=\"2f96adfe\" data-element_type=\"widget\" data-widget_type=\"text-editor.default\">\n\t\t\t\t<div class=\"elementor-widget-container\">\n\t\t\t\t\t\t\t\t\t<h3>3. TERMS AND SCOPE<\/h3><p>3.1 Estimated delivery time: \u2022 Dashboards: between 10 to 20 business days \u2022 Architecture or BD: between 20 to 30 business days \u2022 Consulting: according to<br \/>agenda and type of contract<\/p><p>3.2 Client Responsibilities: \u2022 Provide information and timely access to systems and data \u2022 Approve progress within established deadlines<br \/>3.3 Modifications: Changes outside the original scope will be quoted separately.<\/p>\t\t\t\t\t\t\t\t<\/div>\n\t\t\t\t<\/div>\n\t\t\t\t<div class=\"elementor-element elementor-element-35fdb8e1 elementor-widget elementor-widget-text-editor\" data-id=\"35fdb8e1\" data-element_type=\"widget\" data-widget_type=\"text-editor.default\">\n\t\t\t\t<div class=\"elementor-widget-container\">\n\t\t\t\t\t\t\t\t\tIn case of an incident, we will immediately notify users and relevant authorities.\t\t\t\t\t\t\t\t<\/div>\n\t\t\t\t<\/div>\n\t\t\t\t<div class=\"elementor-element elementor-element-125d0bdc elementor-widget elementor-widget-text-editor\" data-id=\"125d0bdc\" data-element_type=\"widget\" data-widget_type=\"text-editor.default\">\n\t\t\t\t<div class=\"elementor-widget-container\">\n\t\t\t\t\t\t\t\t\t<h3>4. OWNERSHIP AND USE<\/h3><p>4.1 Intellectual Property: The client retains full rights to the dashboards, data structures, and deliverables, except for third-party proprietary tools.\u00a0<\/p><p>4.2 Use and distribution: The client may freely use what has been developed, but may not resell the services or redistribute developed templates without authorization from TETEOCAN TECHNOLOGIES.<\/p>\t\t\t\t\t\t\t\t<\/div>\n\t\t\t\t<\/div>\n\t\t\t\t<div class=\"elementor-element elementor-element-6064a046 elementor-widget elementor-widget-text-editor\" data-id=\"6064a046\" data-element_type=\"widget\" data-widget_type=\"text-editor.default\">\n\t\t\t\t<div class=\"elementor-widget-container\">\n\t\t\t\t\t\t\t\t\t<p>To exercise these rights, please contact us using the means in section 11.<\/p>\t\t\t\t\t\t\t\t<\/div>\n\t\t\t\t<\/div>\n\t\t\t\t<div class=\"elementor-element elementor-element-ad351f2 elementor-widget elementor-widget-text-editor\" data-id=\"ad351f2\" data-element_type=\"widget\" data-widget_type=\"text-editor.default\">\n\t\t\t\t<div class=\"elementor-widget-container\">\n\t\t\t\t\t\t\t\t\t<h3>5. SECURITY AND CONFIDENTIALITY<\/h3><p>5.1 Confidentiality: All customer information is confidential. It is not shared with third parties without prior consent.<br \/>5.2 Security Measures: \u2022 Restricted access to data \u2022 Encryption of sensitive files \u2022 Secure storage and transmission practices<\/p>\t\t\t\t\t\t\t\t<\/div>\n\t\t\t\t<\/div>\n\t\t\t\t<div class=\"elementor-element elementor-element-4f8a5e5a elementor-widget elementor-widget-text-editor\" data-id=\"4f8a5e5a\" data-element_type=\"widget\" data-widget_type=\"text-editor.default\">\n\t\t\t\t<div class=\"elementor-widget-container\">\n\t\t\t\t\t\t\t\t\t<h3>6. SATISFACTION GUARANTEE<\/h3><p>6.1 A minor adjustment guarantee applies free of charge for 30 calendar days after delivery, provided that the scope is within the agreed scope.<br \/>6.2 Substantial changes or new functionalities will require an additional contract or supplementary budget.<\/p>\t\t\t\t\t\t\t\t<\/div>\n\t\t\t\t<\/div>\n\t\t\t\t<div class=\"elementor-element elementor-element-5ee111f6 elementor-widget elementor-widget-text-editor\" data-id=\"5ee111f6\" data-element_type=\"widget\" data-widget_type=\"text-editor.default\">\n\t\t\t\t<div class=\"elementor-widget-container\">\n\t\t\t\t\t\t\t\t\tYou can disable cookies from your browser, although some functionality may be affected.\t\t\t\t\t\t\t\t<\/div>\n\t\t\t\t<\/div>\n\t\t\t\t<div class=\"elementor-element elementor-element-6a2c79ca elementor-widget elementor-widget-text-editor\" data-id=\"6a2c79ca\" data-element_type=\"widget\" data-widget_type=\"text-editor.default\">\n\t\t\t\t<div class=\"elementor-widget-container\">\n\t\t\t\t\t\t\t\t\t<h3>7. CONTACT AND SUPPORT For support, questions or warranty activation:<\/h3><p>Email: contacto@teteocan.com<br \/>WhatsApp: +52 55 1198 7439<\/p>\t\t\t\t\t\t\t\t<\/div>\n\t\t\t\t<\/div>\n\t\t\t\t<div class=\"elementor-element elementor-element-66507b8d elementor-widget elementor-widget-text-editor\" data-id=\"66507b8d\" data-element_type=\"widget\" data-widget_type=\"text-editor.default\">\n\t\t\t\t<div class=\"elementor-widget-container\">\n\t\t\t\t\t\t\t\t\t<p><strong>TETEOCAN TECHNOLOGIES<\/strong> reserves the right to modify these Terms and Conditions at any time, posting notice of changes on its official website. Thank you for choosing our Data Analytics services. We are committed to helping you make smart, informed decisions.<\/p>\t\t\t\t\t\t\t\t<\/div>\n\t\t\t\t<\/div>\n\t\t\t\t\t<\/div>\n\t\t<\/div>\n\t\t\t\t\t<\/div>\n\t\t<\/section>\n\t\t\t\t<\/div>","protected":false},"excerpt":{"rendered":"<p>T\u00c9RMINOS Y CONDICIONES PILAR: AN\u00c1LISIS DE DATOS Fecha de actualizaci\u00f3n: 01 de junio de 2025 1. GENERALIDADES DEL SERVICIO 1.1 Servicios incluidos: An\u00e1lisis de datos personalizados (visualizaci\u00f3n mediante dashboards, tableros de control, KPIs) Arquitectura de soluciones en la nube (Huawei Cloud&#8230;<\/p>","protected":false},"author":1,"featured_media":0,"parent":0,"menu_order":0,"comment_status":"closed","ping_status":"closed","template":"","meta":{"footnotes":""},"class_list":["post-24104","page","type-page","status-publish","hentry"],"aioseo_notices":[],"_links":{"self":[{"href":"https:\/\/teteocan.com\/en\/wp-json\/wp\/v2\/pages\/24104","targetHints":{"allow":["GET"]}}],"collection":[{"href":"https:\/\/teteocan.com\/en\/wp-json\/wp\/v2\/pages"}],"about":[{"href":"https:\/\/teteocan.com\/en\/wp-json\/wp\/v2\/types\/page"}],"author":[{"embeddable":true,"href":"https:\/\/teteocan.com\/en\/wp-json\/wp\/v2\/users\/1"}],"replies":[{"embeddable":true,"href":"https:\/\/teteocan.com\/en\/wp-json\/wp\/v2\/comments?post=24104"}],"version-history":[{"count":22,"href":"https:\/\/teteocan.com\/en\/wp-json\/wp\/v2\/pages\/24104\/revisions"}],"predecessor-version":[{"id":24128,"href":"https:\/\/teteocan.com\/en\/wp-json\/wp\/v2\/pages\/24104\/revisions\/24128"}],"wp:attachment":[{"href":"https:\/\/teteocan.com\/en\/wp-json\/wp\/v2\/media?parent=24104"}],"curies":[{"name":"wp","href":"https:\/\/api.w.org\/{rel}","templated":true}]}}