{"id":4932,"date":"2024-02-29T19:15:46","date_gmt":"2024-02-29T17:15:46","guid":{"rendered":"https:\/\/demo.artureanec.com\/themes\/neuros\/?page_id=4932"},"modified":"2025-06-26T18:59:35","modified_gmt":"2025-06-26T18:59:35","slug":"faq","status":"publish","type":"page","link":"https:\/\/teteocan.com\/en\/faq\/","title":{"rendered":"Frequently Asked Questions"},"content":{"rendered":"<div data-elementor-type=\"wp-page\" data-elementor-id=\"4932\" class=\"elementor elementor-4932\" data-elementor-post-type=\"page\">\n\t\t\t\t\t\t<section class=\"elementor-section elementor-top-section elementor-element elementor-element-1240a58 elementor-section-boxed elementor-section-height-default elementor-section-height-default\" data-id=\"1240a58\" data-element_type=\"section\">\n\t\t\t\t\t\t<div class=\"elementor-container elementor-column-gap-default\">\n\t\t\t\t\t<div class=\"elementor-column elementor-col-100 elementor-top-column elementor-element elementor-element-ef1cc1f\" data-id=\"ef1cc1f\" data-element_type=\"column\">\n\t\t\t<div class=\"elementor-widget-wrap elementor-element-populated\">\n\t\t\t\t\t\t<div class=\"elementor-element elementor-element-a06129a elementor-widget elementor-widget-neuros_heading\" data-id=\"a06129a\" data-element_type=\"widget\" data-widget_type=\"neuros_heading.default\">\n\t\t\t\t<div class=\"elementor-widget-container\">\n\t\t\t\t\t<div class=\"neuros-heading-widget\"><h2 class=\"neuros-heading\"><span class=\"neuros-heading-content has_gradient_color_text\">We resolve your doubts before you ask them<\/span><\/h2><\/div>\t\t\t\t<\/div>\n\t\t\t\t<\/div>\n\t\t\t\t<div class=\"elementor-element elementor-element-1502e64 elementor-accordion-style-counter elementor-widget elementor-widget-accordion\" data-id=\"1502e64\" data-element_type=\"widget\" data-widget_type=\"accordion.default\">\n\t\t\t\t<div class=\"elementor-widget-container\">\n\t\t\t\t\t\t\t<div class=\"elementor-accordion\">\n\t\t\t\t\t\t\t<div class=\"elementor-accordion-item\">\n\t\t\t\t\t<div id=\"elementor-tab-title-2201\" class=\"elementor-tab-title\" data-tab=\"1\" role=\"button\" aria-controls=\"elementor-tab-content-2201\" aria-expanded=\"false\">\n\t\t\t\t\t\t\t\t\t\t\t\t\t<span class=\"elementor-accordion-icon elementor-accordion-icon-right\" aria-hidden=\"true\">\n\t\t\t\t\t\t\t\t\t\t\t\t\t\t\t<span class=\"elementor-accordion-icon-closed\"><svg xmlns=\"http:\/\/www.w3.org\/2000\/svg\" xmlns:svg=\"http:\/\/www.w3.org\/2000\/svg\" viewbox=\"0 0 8.9051447 8.7522402\"><path d=\"m 7.2060049,0.28701797 c 0.63313,-0.619103 1.69914,-0.170535 1.69914,0.71498203 v 6.75024 c 0,0.55229 -0.44771,1 -1,1 h -6.90314 c -0.89630999,0 -1.33998699,-1.08833 -0.69913999,-1.71498 z\"><\/path><\/svg><\/span>\n\t\t\t\t\t\t\t\t<span class=\"elementor-accordion-icon-opened\"><svg xmlns=\"http:\/\/www.w3.org\/2000\/svg\" xmlns:svg=\"http:\/\/www.w3.org\/2000\/svg\" viewbox=\"0 0 8.7522402 8.9151068\"><path d=\"M 0.28599559,1.6980872 C -0.33217141,1.0640472 0.11797359,-0.00130779 1.0034886,1.2051406e-6 L 7.7537186,0.00998121 c 0.55229,8.17e-4 0.99934,0.449193 0.99852,1.00147599 l -0.0102,6.90313 c -0.00133,0.89631 -1.09031,1.33838 -1.71602,0.69661 z\"><\/path><\/svg><\/span>\n\t\t\t\t\t\t\t\t\t\t\t\t\t\t<\/span>\n\t\t\t\t\t\t\t\t\t\t\t\t<a class=\"elementor-accordion-title\" tabindex=\"0\">What kind of solutions do you offer?<\/a>\n\t\t\t\t\t<\/div>\n\t\t\t\t\t<div id=\"elementor-tab-content-2201\" class=\"elementor-tab-content elementor-clearfix\" data-tab=\"1\" role=\"region\" aria-labelledby=\"elementor-tab-title-2201\"><p>We offer comprehensive services based on three key pillars: <b>process digitalization, data analysis (business intelligence) and business automation.<\/b> Whether you need to improve the control and security of your operations, make data-driven strategic decisions, or increase your productivity with intelligent automation, we design customized solutions for every stage of growth.<\/p><\/div>\n\t\t\t\t<\/div>\n\t\t\t\t\t\t\t<div class=\"elementor-accordion-item\">\n\t\t\t\t\t<div id=\"elementor-tab-title-2202\" class=\"elementor-tab-title\" data-tab=\"2\" role=\"button\" aria-controls=\"elementor-tab-content-2202\" aria-expanded=\"false\">\n\t\t\t\t\t\t\t\t\t\t\t\t\t<span class=\"elementor-accordion-icon elementor-accordion-icon-right\" aria-hidden=\"true\">\n\t\t\t\t\t\t\t\t\t\t\t\t\t\t\t<span class=\"elementor-accordion-icon-closed\"><svg xmlns=\"http:\/\/www.w3.org\/2000\/svg\" xmlns:svg=\"http:\/\/www.w3.org\/2000\/svg\" viewbox=\"0 0 8.9051447 8.7522402\"><path d=\"m 7.2060049,0.28701797 c 0.63313,-0.619103 1.69914,-0.170535 1.69914,0.71498203 v 6.75024 c 0,0.55229 -0.44771,1 -1,1 h -6.90314 c -0.89630999,0 -1.33998699,-1.08833 -0.69913999,-1.71498 z\"><\/path><\/svg><\/span>\n\t\t\t\t\t\t\t\t<span class=\"elementor-accordion-icon-opened\"><svg xmlns=\"http:\/\/www.w3.org\/2000\/svg\" xmlns:svg=\"http:\/\/www.w3.org\/2000\/svg\" viewbox=\"0 0 8.7522402 8.9151068\"><path d=\"M 0.28599559,1.6980872 C -0.33217141,1.0640472 0.11797359,-0.00130779 1.0034886,1.2051406e-6 L 7.7537186,0.00998121 c 0.55229,8.17e-4 0.99934,0.449193 0.99852,1.00147599 l -0.0102,6.90313 c -0.00133,0.89631 -1.09031,1.33838 -1.71602,0.69661 z\"><\/path><\/svg><\/span>\n\t\t\t\t\t\t\t\t\t\t\t\t\t\t<\/span>\n\t\t\t\t\t\t\t\t\t\t\t\t<a class=\"elementor-accordion-title\" tabindex=\"0\">Can I purchase a single service or the entire package?<\/a>\n\t\t\t\t\t<\/div>\n\t\t\t\t\t<div id=\"elementor-tab-content-2202\" class=\"elementor-tab-content elementor-clearfix\" data-tab=\"2\" role=\"region\" aria-labelledby=\"elementor-tab-title-2202\"><p>Yes. You can hire a one-stop solution\u2014such as a customized dashboard, a business chatbot, or specific automation\u2014or a complete end-to-end digital transformation project. We adapt to your business needs.<\/p><\/div>\n\t\t\t\t<\/div>\n\t\t\t\t\t\t\t<div class=\"elementor-accordion-item\">\n\t\t\t\t\t<div id=\"elementor-tab-title-2203\" class=\"elementor-tab-title\" data-tab=\"3\" role=\"button\" aria-controls=\"elementor-tab-content-2203\" aria-expanded=\"false\">\n\t\t\t\t\t\t\t\t\t\t\t\t\t<span class=\"elementor-accordion-icon elementor-accordion-icon-right\" aria-hidden=\"true\">\n\t\t\t\t\t\t\t\t\t\t\t\t\t\t\t<span class=\"elementor-accordion-icon-closed\"><svg xmlns=\"http:\/\/www.w3.org\/2000\/svg\" xmlns:svg=\"http:\/\/www.w3.org\/2000\/svg\" viewbox=\"0 0 8.9051447 8.7522402\"><path d=\"m 7.2060049,0.28701797 c 0.63313,-0.619103 1.69914,-0.170535 1.69914,0.71498203 v 6.75024 c 0,0.55229 -0.44771,1 -1,1 h -6.90314 c -0.89630999,0 -1.33998699,-1.08833 -0.69913999,-1.71498 z\"><\/path><\/svg><\/span>\n\t\t\t\t\t\t\t\t<span class=\"elementor-accordion-icon-opened\"><svg xmlns=\"http:\/\/www.w3.org\/2000\/svg\" xmlns:svg=\"http:\/\/www.w3.org\/2000\/svg\" viewbox=\"0 0 8.7522402 8.9151068\"><path d=\"M 0.28599559,1.6980872 C -0.33217141,1.0640472 0.11797359,-0.00130779 1.0034886,1.2051406e-6 L 7.7537186,0.00998121 c 0.55229,8.17e-4 0.99934,0.449193 0.99852,1.00147599 l -0.0102,6.90313 c -0.00133,0.89631 -1.09031,1.33838 -1.71602,0.69661 z\"><\/path><\/svg><\/span>\n\t\t\t\t\t\t\t\t\t\t\t\t\t\t<\/span>\n\t\t\t\t\t\t\t\t\t\t\t\t<a class=\"elementor-accordion-title\" tabindex=\"0\">How do I start the process if I want to work with you?<\/a>\n\t\t\t\t\t<\/div>\n\t\t\t\t\t<div id=\"elementor-tab-content-2203\" class=\"elementor-tab-content elementor-clearfix\" data-tab=\"3\" role=\"region\" aria-labelledby=\"elementor-tab-title-2203\"><p>We start with a free assessment to understand your business and identify key opportunities. We then present you with a customized proposal with tools, delivery times, and expected results. Once approved, we sign the contract and begin development.<\/p><\/div>\n\t\t\t\t<\/div>\n\t\t\t\t\t\t\t<div class=\"elementor-accordion-item\">\n\t\t\t\t\t<div id=\"elementor-tab-title-2204\" class=\"elementor-tab-title\" data-tab=\"4\" role=\"button\" aria-controls=\"elementor-tab-content-2204\" aria-expanded=\"false\">\n\t\t\t\t\t\t\t\t\t\t\t\t\t<span class=\"elementor-accordion-icon elementor-accordion-icon-right\" aria-hidden=\"true\">\n\t\t\t\t\t\t\t\t\t\t\t\t\t\t\t<span class=\"elementor-accordion-icon-closed\"><svg xmlns=\"http:\/\/www.w3.org\/2000\/svg\" xmlns:svg=\"http:\/\/www.w3.org\/2000\/svg\" viewbox=\"0 0 8.9051447 8.7522402\"><path d=\"m 7.2060049,0.28701797 c 0.63313,-0.619103 1.69914,-0.170535 1.69914,0.71498203 v 6.75024 c 0,0.55229 -0.44771,1 -1,1 h -6.90314 c -0.89630999,0 -1.33998699,-1.08833 -0.69913999,-1.71498 z\"><\/path><\/svg><\/span>\n\t\t\t\t\t\t\t\t<span class=\"elementor-accordion-icon-opened\"><svg xmlns=\"http:\/\/www.w3.org\/2000\/svg\" xmlns:svg=\"http:\/\/www.w3.org\/2000\/svg\" viewbox=\"0 0 8.7522402 8.9151068\"><path d=\"M 0.28599559,1.6980872 C -0.33217141,1.0640472 0.11797359,-0.00130779 1.0034886,1.2051406e-6 L 7.7537186,0.00998121 c 0.55229,8.17e-4 0.99934,0.449193 0.99852,1.00147599 l -0.0102,6.90313 c -0.00133,0.89631 -1.09031,1.33838 -1.71602,0.69661 z\"><\/path><\/svg><\/span>\n\t\t\t\t\t\t\t\t\t\t\t\t\t\t<\/span>\n\t\t\t\t\t\t\t\t\t\t\t\t<a class=\"elementor-accordion-title\" tabindex=\"0\">How long does it take to deliver a project?<\/a>\n\t\t\t\t\t<\/div>\n\t\t\t\t\t<div id=\"elementor-tab-content-2204\" class=\"elementor-tab-content elementor-clearfix\" data-tab=\"4\" role=\"region\" aria-labelledby=\"elementor-tab-title-2204\"><p>It all depends on the type of solution and its scope. A business intelligence dashboard can be ready in 7 days, while a complete system can take between 4 and 8 weeks. We always work with clear and realistic deadlines from day one.<\/p><\/div>\n\t\t\t\t<\/div>\n\t\t\t\t\t\t\t<div class=\"elementor-accordion-item\">\n\t\t\t\t\t<div id=\"elementor-tab-title-2205\" class=\"elementor-tab-title\" data-tab=\"5\" role=\"button\" aria-controls=\"elementor-tab-content-2205\" aria-expanded=\"false\">\n\t\t\t\t\t\t\t\t\t\t\t\t\t<span class=\"elementor-accordion-icon elementor-accordion-icon-right\" aria-hidden=\"true\">\n\t\t\t\t\t\t\t\t\t\t\t\t\t\t\t<span class=\"elementor-accordion-icon-closed\"><svg xmlns=\"http:\/\/www.w3.org\/2000\/svg\" xmlns:svg=\"http:\/\/www.w3.org\/2000\/svg\" viewbox=\"0 0 8.9051447 8.7522402\"><path d=\"m 7.2060049,0.28701797 c 0.63313,-0.619103 1.69914,-0.170535 1.69914,0.71498203 v 6.75024 c 0,0.55229 -0.44771,1 -1,1 h -6.90314 c -0.89630999,0 -1.33998699,-1.08833 -0.69913999,-1.71498 z\"><\/path><\/svg><\/span>\n\t\t\t\t\t\t\t\t<span class=\"elementor-accordion-icon-opened\"><svg xmlns=\"http:\/\/www.w3.org\/2000\/svg\" xmlns:svg=\"http:\/\/www.w3.org\/2000\/svg\" viewbox=\"0 0 8.7522402 8.9151068\"><path d=\"M 0.28599559,1.6980872 C -0.33217141,1.0640472 0.11797359,-0.00130779 1.0034886,1.2051406e-6 L 7.7537186,0.00998121 c 0.55229,8.17e-4 0.99934,0.449193 0.99852,1.00147599 l -0.0102,6.90313 c -0.00133,0.89631 -1.09031,1.33838 -1.71602,0.69661 z\"><\/path><\/svg><\/span>\n\t\t\t\t\t\t\t\t\t\t\t\t\t\t<\/span>\n\t\t\t\t\t\t\t\t\t\t\t\t<a class=\"elementor-accordion-title\" tabindex=\"0\">How do you handle payments and prices?<\/a>\n\t\t\t\t\t<\/div>\n\t\t\t\t\t<div id=\"elementor-tab-content-2205\" class=\"elementor-tab-content elementor-clearfix\" data-tab=\"5\" role=\"region\" aria-labelledby=\"elementor-tab-title-2205\"><p>We offer basic, one-time payment packages, ideal for quick projects or common solutions such as dashboards, web pages, or specific automations.<br \/>We also offer customized services, the cost of which is determined by the scope, size, and complexity of the project.<\/p><p>In these cases, we work under a milestone or phase-by-phase scheme, starting with an advance payment and payments as results are delivered.<br \/>We also offer monthly subscriptions for technical support, maintenance, or ongoing services.<\/p><\/div>\n\t\t\t\t<\/div>\n\t\t\t\t\t\t\t<div class=\"elementor-accordion-item\">\n\t\t\t\t\t<div id=\"elementor-tab-title-2206\" class=\"elementor-tab-title\" data-tab=\"6\" role=\"button\" aria-controls=\"elementor-tab-content-2206\" aria-expanded=\"false\">\n\t\t\t\t\t\t\t\t\t\t\t\t\t<span class=\"elementor-accordion-icon elementor-accordion-icon-right\" aria-hidden=\"true\">\n\t\t\t\t\t\t\t\t\t\t\t\t\t\t\t<span class=\"elementor-accordion-icon-closed\"><svg xmlns=\"http:\/\/www.w3.org\/2000\/svg\" xmlns:svg=\"http:\/\/www.w3.org\/2000\/svg\" viewbox=\"0 0 8.9051447 8.7522402\"><path d=\"m 7.2060049,0.28701797 c 0.63313,-0.619103 1.69914,-0.170535 1.69914,0.71498203 v 6.75024 c 0,0.55229 -0.44771,1 -1,1 h -6.90314 c -0.89630999,0 -1.33998699,-1.08833 -0.69913999,-1.71498 z\"><\/path><\/svg><\/span>\n\t\t\t\t\t\t\t\t<span class=\"elementor-accordion-icon-opened\"><svg xmlns=\"http:\/\/www.w3.org\/2000\/svg\" xmlns:svg=\"http:\/\/www.w3.org\/2000\/svg\" viewbox=\"0 0 8.7522402 8.9151068\"><path d=\"M 0.28599559,1.6980872 C -0.33217141,1.0640472 0.11797359,-0.00130779 1.0034886,1.2051406e-6 L 7.7537186,0.00998121 c 0.55229,8.17e-4 0.99934,0.449193 0.99852,1.00147599 l -0.0102,6.90313 c -0.00133,0.89631 -1.09031,1.33838 -1.71602,0.69661 z\"><\/path><\/svg><\/span>\n\t\t\t\t\t\t\t\t\t\t\t\t\t\t<\/span>\n\t\t\t\t\t\t\t\t\t\t\t\t<a class=\"elementor-accordion-title\" tabindex=\"0\">Can I work with you if I&#039;m outside of Mexico?<\/a>\n\t\t\t\t\t<\/div>\n\t\t\t\t\t<div id=\"elementor-tab-content-2206\" class=\"elementor-tab-content elementor-clearfix\" data-tab=\"6\" role=\"region\" aria-labelledby=\"elementor-tab-title-2206\"><p>Yes. Teteocan Technologies has an operational presence in Mexico and strategic alliances in the European Union. All of our services can be developed and delivered online, regardless of your location.<\/p><\/div>\n\t\t\t\t<\/div>\n\t\t\t\t\t\t\t<div class=\"elementor-accordion-item\">\n\t\t\t\t\t<div id=\"elementor-tab-title-2207\" class=\"elementor-tab-title\" data-tab=\"7\" role=\"button\" aria-controls=\"elementor-tab-content-2207\" aria-expanded=\"false\">\n\t\t\t\t\t\t\t\t\t\t\t\t\t<span class=\"elementor-accordion-icon elementor-accordion-icon-right\" aria-hidden=\"true\">\n\t\t\t\t\t\t\t\t\t\t\t\t\t\t\t<span class=\"elementor-accordion-icon-closed\"><svg xmlns=\"http:\/\/www.w3.org\/2000\/svg\" xmlns:svg=\"http:\/\/www.w3.org\/2000\/svg\" viewbox=\"0 0 8.9051447 8.7522402\"><path d=\"m 7.2060049,0.28701797 c 0.63313,-0.619103 1.69914,-0.170535 1.69914,0.71498203 v 6.75024 c 0,0.55229 -0.44771,1 -1,1 h -6.90314 c -0.89630999,0 -1.33998699,-1.08833 -0.69913999,-1.71498 z\"><\/path><\/svg><\/span>\n\t\t\t\t\t\t\t\t<span class=\"elementor-accordion-icon-opened\"><svg xmlns=\"http:\/\/www.w3.org\/2000\/svg\" xmlns:svg=\"http:\/\/www.w3.org\/2000\/svg\" viewbox=\"0 0 8.7522402 8.9151068\"><path d=\"M 0.28599559,1.6980872 C -0.33217141,1.0640472 0.11797359,-0.00130779 1.0034886,1.2051406e-6 L 7.7537186,0.00998121 c 0.55229,8.17e-4 0.99934,0.449193 0.99852,1.00147599 l -0.0102,6.90313 c -0.00133,0.89631 -1.09031,1.33838 -1.71602,0.69661 z\"><\/path><\/svg><\/span>\n\t\t\t\t\t\t\t\t\t\t\t\t\t\t<\/span>\n\t\t\t\t\t\t\t\t\t\t\t\t<a class=\"elementor-accordion-title\" tabindex=\"0\">Do you provide support after the project is finished?<\/a>\n\t\t\t\t\t<\/div>\n\t\t\t\t\t<div id=\"elementor-tab-content-2207\" class=\"elementor-tab-content elementor-clearfix\" data-tab=\"7\" role=\"region\" aria-labelledby=\"elementor-tab-title-2207\"><p>Yes. We provide post-implementation technical support, as well as maintenance and continuous improvement packages, ideal for companies that want to keep their solutions up-to-date and optimized.<\/p><\/div>\n\t\t\t\t<\/div>\n\t\t\t\t\t\t\t<div class=\"elementor-accordion-item\">\n\t\t\t\t\t<div id=\"elementor-tab-title-2208\" class=\"elementor-tab-title\" data-tab=\"8\" role=\"button\" aria-controls=\"elementor-tab-content-2208\" aria-expanded=\"false\">\n\t\t\t\t\t\t\t\t\t\t\t\t\t<span class=\"elementor-accordion-icon elementor-accordion-icon-right\" aria-hidden=\"true\">\n\t\t\t\t\t\t\t\t\t\t\t\t\t\t\t<span class=\"elementor-accordion-icon-closed\"><svg xmlns=\"http:\/\/www.w3.org\/2000\/svg\" xmlns:svg=\"http:\/\/www.w3.org\/2000\/svg\" viewbox=\"0 0 8.9051447 8.7522402\"><path d=\"m 7.2060049,0.28701797 c 0.63313,-0.619103 1.69914,-0.170535 1.69914,0.71498203 v 6.75024 c 0,0.55229 -0.44771,1 -1,1 h -6.90314 c -0.89630999,0 -1.33998699,-1.08833 -0.69913999,-1.71498 z\"><\/path><\/svg><\/span>\n\t\t\t\t\t\t\t\t<span class=\"elementor-accordion-icon-opened\"><svg xmlns=\"http:\/\/www.w3.org\/2000\/svg\" xmlns:svg=\"http:\/\/www.w3.org\/2000\/svg\" viewbox=\"0 0 8.7522402 8.9151068\"><path d=\"M 0.28599559,1.6980872 C -0.33217141,1.0640472 0.11797359,-0.00130779 1.0034886,1.2051406e-6 L 7.7537186,0.00998121 c 0.55229,8.17e-4 0.99934,0.449193 0.99852,1.00147599 l -0.0102,6.90313 c -0.00133,0.89631 -1.09031,1.33838 -1.71602,0.69661 z\"><\/path><\/svg><\/span>\n\t\t\t\t\t\t\t\t\t\t\t\t\t\t<\/span>\n\t\t\t\t\t\t\t\t\t\t\t\t<a class=\"elementor-accordion-title\" tabindex=\"0\">Do you have experience with companies like mine?<\/a>\n\t\t\t\t\t<\/div>\n\t\t\t\t\t<div id=\"elementor-tab-content-2208\" class=\"elementor-tab-content elementor-clearfix\" data-tab=\"8\" role=\"region\" aria-labelledby=\"elementor-tab-title-2208\"><p>We have collaborated with micro, small, and medium-sized businesses, as well as corporate and scalable projects. Our solutions are always tailored to each client&#039;s sector, business model, and stage of development.<\/p><\/div>\n\t\t\t\t<\/div>\n\t\t\t\t\t\t\t<div class=\"elementor-accordion-item\">\n\t\t\t\t\t<div id=\"elementor-tab-title-2209\" class=\"elementor-tab-title\" data-tab=\"9\" role=\"button\" aria-controls=\"elementor-tab-content-2209\" aria-expanded=\"false\">\n\t\t\t\t\t\t\t\t\t\t\t\t\t<span class=\"elementor-accordion-icon elementor-accordion-icon-right\" aria-hidden=\"true\">\n\t\t\t\t\t\t\t\t\t\t\t\t\t\t\t<span class=\"elementor-accordion-icon-closed\"><svg xmlns=\"http:\/\/www.w3.org\/2000\/svg\" xmlns:svg=\"http:\/\/www.w3.org\/2000\/svg\" viewbox=\"0 0 8.9051447 8.7522402\"><path d=\"m 7.2060049,0.28701797 c 0.63313,-0.619103 1.69914,-0.170535 1.69914,0.71498203 v 6.75024 c 0,0.55229 -0.44771,1 -1,1 h -6.90314 c -0.89630999,0 -1.33998699,-1.08833 -0.69913999,-1.71498 z\"><\/path><\/svg><\/span>\n\t\t\t\t\t\t\t\t<span class=\"elementor-accordion-icon-opened\"><svg xmlns=\"http:\/\/www.w3.org\/2000\/svg\" xmlns:svg=\"http:\/\/www.w3.org\/2000\/svg\" viewbox=\"0 0 8.7522402 8.9151068\"><path d=\"M 0.28599559,1.6980872 C -0.33217141,1.0640472 0.11797359,-0.00130779 1.0034886,1.2051406e-6 L 7.7537186,0.00998121 c 0.55229,8.17e-4 0.99934,0.449193 0.99852,1.00147599 l -0.0102,6.90313 c -0.00133,0.89631 -1.09031,1.33838 -1.71602,0.69661 z\"><\/path><\/svg><\/span>\n\t\t\t\t\t\t\t\t\t\t\t\t\t\t<\/span>\n\t\t\t\t\t\t\t\t\t\t\t\t<a class=\"elementor-accordion-title\" tabindex=\"0\">What if I don&#039;t know where to start?<\/a>\n\t\t\t\t\t<\/div>\n\t\t\t\t\t<div id=\"elementor-tab-content-2209\" class=\"elementor-tab-content elementor-clearfix\" data-tab=\"9\" role=\"region\" aria-labelledby=\"elementor-tab-title-2209\"><p>Don&#039;t worry. That&#039;s exactly why we exist. Through our initial assessment, we help you identify opportunities for technological improvement, even if you&#039;re not entirely clear about what you need.<\/p><p>We turn your vision into a clear and actionable digital roadmap.<\/p><\/div>\n\t\t\t\t<\/div>\n\t\t\t\t\t\t\t\t<\/div>\n\t\t\t\t\t\t<\/div>\n\t\t\t\t<\/div>\n\t\t\t\t\t<\/div>\n\t\t<\/div>\n\t\t\t\t\t<\/div>\n\t\t<\/section>\n\t\t\t\t<\/div>","protected":false},"excerpt":{"rendered":"<p>\u00bfQu\u00e9 tipo de soluciones ofrecen? Ofrecemos servicios integrales basados en tres pilares clave: digitalizaci\u00f3n de procesos, an\u00e1lisis de datos (business intelligence) y automatizaci\u00f3n empresarial. Ya sea que necesites mejorar el control y la seguridad de tu operaci\u00f3n, tomar decisiones estrat\u00e9gicas basadas&#8230;<\/p>","protected":false},"author":1,"featured_media":24563,"parent":0,"menu_order":0,"comment_status":"closed","ping_status":"closed","template":"","meta":{"footnotes":""},"class_list":["post-4932","page","type-page","status-publish","has-post-thumbnail","hentry"],"aioseo_notices":[],"_links":{"self":[{"href":"https:\/\/teteocan.com\/en\/wp-json\/wp\/v2\/pages\/4932","targetHints":{"allow":["GET"]}}],"collection":[{"href":"https:\/\/teteocan.com\/en\/wp-json\/wp\/v2\/pages"}],"about":[{"href":"https:\/\/teteocan.com\/en\/wp-json\/wp\/v2\/types\/page"}],"author":[{"embeddable":true,"href":"https:\/\/teteocan.com\/en\/wp-json\/wp\/v2\/users\/1"}],"replies":[{"embeddable":true,"href":"https:\/\/teteocan.com\/en\/wp-json\/wp\/v2\/comments?post=4932"}],"version-history":[{"count":23,"href":"https:\/\/teteocan.com\/en\/wp-json\/wp\/v2\/pages\/4932\/revisions"}],"predecessor-version":[{"id":24575,"href":"https:\/\/teteocan.com\/en\/wp-json\/wp\/v2\/pages\/4932\/revisions\/24575"}],"wp:featuredmedia":[{"embeddable":true,"href":"https:\/\/teteocan.com\/en\/wp-json\/wp\/v2\/media\/24563"}],"wp:attachment":[{"href":"https:\/\/teteocan.com\/en\/wp-json\/wp\/v2\/media?parent=4932"}],"curies":[{"name":"wp","href":"https:\/\/api.w.org\/{rel}","templated":true}]}}