{"id":6556,"date":"2024-03-11T17:50:07","date_gmt":"2024-03-11T15:50:07","guid":{"rendered":"https:\/\/demo.artureanec.com\/themes\/neuros\/?page_id=6556"},"modified":"2025-08-27T19:02:14","modified_gmt":"2025-08-28T01:02:14","slug":"nosotros","status":"publish","type":"page","link":"https:\/\/teteocan.com\/en\/nosotros\/","title":{"rendered":"About Us"},"content":{"rendered":"<div data-elementor-type=\"wp-page\" data-elementor-id=\"6556\" class=\"elementor elementor-6556\" data-elementor-post-type=\"page\">\n\t\t\t\t\t\t<section class=\"elementor-section elementor-top-section elementor-element elementor-element-15b3094 elementor-section-full_width elementor-section-stretched elementor-section-height-default elementor-section-height-default\" data-id=\"15b3094\" data-element_type=\"section\" data-settings=\"{&quot;stretch_section&quot;:&quot;section-stretched&quot;,&quot;background_background&quot;:&quot;classic&quot;}\">\n\t\t\t\t\t\t<div class=\"elementor-container elementor-column-gap-no\">\n\t\t\t\t\t<div class=\"elementor-column elementor-col-100 elementor-top-column elementor-element elementor-element-35dbd41\" data-id=\"35dbd41\" data-element_type=\"column\">\n\t\t\t<div class=\"elementor-widget-wrap elementor-element-populated\">\n\t\t\t\t\t\t<section class=\"elementor-section elementor-inner-section elementor-element elementor-element-fd33a03 elementor-section-boxed elementor-section-height-default elementor-section-height-default\" data-id=\"fd33a03\" data-element_type=\"section\">\n\t\t\t\t\t\t<div class=\"elementor-container elementor-column-gap-wide\">\n\t\t\t\t\t<div class=\"elementor-column elementor-col-50 elementor-inner-column elementor-element elementor-element-b6bea50\" data-id=\"b6bea50\" data-element_type=\"column\">\n\t\t\t<div class=\"elementor-widget-wrap elementor-element-populated\">\n\t\t\t\t\t\t<div class=\"elementor-element elementor-element-864f89e elementor-widget-tablet_extra__width-inherit elementor-widget-mobile_extra__width-initial elementor-widget-mobile__width-initial elementor-widget elementor-widget-neuros_heading\" data-id=\"864f89e\" data-element_type=\"widget\" data-settings=\"{&quot;_animation&quot;:&quot;none&quot;,&quot;_animation_delay&quot;:200,&quot;_animation_tablet_extra&quot;:&quot;fadeIn&quot;}\" data-widget_type=\"neuros_heading.default\">\n\t\t\t\t<div class=\"elementor-widget-container\">\n\t\t\t\t\t<div class=\"neuros-heading-widget\"><h2 class=\"neuros-heading\"><span class=\"neuros-heading-content has_gradient_color_text\">INNOVATORS <del>TECHNOLOGICAL:<\/del><\/span><\/h2><\/div>\t\t\t\t<\/div>\n\t\t\t\t<\/div>\n\t\t\t\t<div class=\"elementor-element elementor-element-87621da elementor-widget-mobile_extra__width-initial elementor-widget-tablet__width-initial elementor-widget-mobile__width-initial elementor-widget elementor-widget-neuros_heading\" data-id=\"87621da\" data-element_type=\"widget\" data-settings=\"{&quot;_animation&quot;:&quot;none&quot;,&quot;_animation_delay&quot;:300}\" data-widget_type=\"neuros_heading.default\">\n\t\t\t\t<div class=\"elementor-widget-container\">\n\t\t\t\t\t<div class=\"neuros-heading-widget\"><h3 class=\"neuros-heading\"><span class=\"neuros-heading-content has_gradient_color_text\">Inspiration and innovation for your business<\/span><\/h3><\/div>\t\t\t\t<\/div>\n\t\t\t\t<\/div>\n\t\t\t\t<div class=\"elementor-element elementor-element-4fc553d neuros-video-button-alignment-center elementor-widget__width-initial elementor-widget-mobile__width-initial elementor-widget-mobile_extra__width-initial elementor-widget elementor-widget-neuros_video_button\" data-id=\"4fc553d\" data-element_type=\"widget\" data-settings=\"{&quot;video_type&quot;:&quot;hosted&quot;}\" data-widget_type=\"neuros_video_button.default\">\n\t\t\t\t<div class=\"elementor-widget-container\">\n\t\t\t\t\t        <div class=\"neuros_video_button_container\">\n            <div class=\"neuros_video_button_widget\">\n                                        <div class=\"elementor-wrapper elementor-open-lightbox\">\n                                                        <div class=\"elementor-custom-embed-image-overlay\" data-elementor-open-lightbox=\"yes\" data-elementor-lightbox=\"{&quot;type&quot;:&quot;video&quot;,&quot;videoType&quot;:&quot;hosted&quot;,&quot;url&quot;:&quot;https:\\\/\\\/teteocan.com\\\/wp-content\\\/uploads\\\/2025\\\/07\\\/WhatsApp-Video-2025-07-14-at-1.47.10-PM.mp4&quot;,&quot;modalOptions&quot;:{&quot;id&quot;:&quot;elementor-lightbox-4fc553d&quot;,&quot;videoAspectRatio&quot;:&quot;169&quot;},&quot;videoParams&quot;:{&quot;autoplay&quot;:true,&quot;loop&quot;:false}}\">\n                                <div class=\"elementor-custom-embed-play\" role=\"button\">\n                                                                                <div class=\"icon-play-wrapper\">\n                                                <i class=\"eicon-play\" aria-hidden=\"true\"><\/i>\n                                            <\/div>\n                                                                            \n                                                                                <span class=\"neuros_button_text\">Get to know our proposal<\/span>\n                                                                                <span class=\"elementor-screen-only\">Get to know our proposal<\/span>\n                                <\/div>\n                            <\/div>\n                        <\/div>\n                                <\/div>\n        <\/div>\n        \t\t\t\t<\/div>\n\t\t\t\t<\/div>\n\t\t\t\t\t<\/div>\n\t\t<\/div>\n\t\t\t\t<div class=\"elementor-column elementor-col-50 elementor-inner-column elementor-element elementor-element-2bf625b\" data-id=\"2bf625b\" data-element_type=\"column\">\n\t\t\t<div class=\"elementor-widget-wrap elementor-element-populated\">\n\t\t\t\t\t\t<div class=\"elementor-element elementor-element-eecf186 elementor-widget-mobile_extra__width-initial elementor-widget-mobile__width-inherit elementor-widget elementor-widget-text-editor\" data-id=\"eecf186\" data-element_type=\"widget\" data-widget_type=\"text-editor.default\">\n\t\t\t\t<div class=\"elementor-widget-container\">\n\t\t\t\t\t\t\t\t\t<p>Automate. Analyze. Digitize. Discover how to turn your operation into a competitive advantage.<\/p>\t\t\t\t\t\t\t\t<\/div>\n\t\t\t\t<\/div>\n\t\t\t\t<div class=\"elementor-element elementor-element-c42da01 elementor-widget-widescreen__width-initial elementor-widget-mobile_extra__width-initial elementor-widget-mobile__width-initial elementor-widget elementor-widget-image\" data-id=\"c42da01\" data-element_type=\"widget\" data-widget_type=\"image.default\">\n\t\t\t\t<div class=\"elementor-widget-container\">\n\t\t\t\t\t\t\t\t\t\t\t\t\t\t\t<img decoding=\"async\" src=\"https:\/\/teteocan.com\/wp-content\/uploads\/elementor\/thumbs\/sustentabilidad-03-r73xrl92915jkvvo5hofzcggc9778ewtaj2h16im4o.jpg\" title=\"sustainability-03\" alt=\"sustentabilidad-03\" loading=\"lazy\" \/>\t\t\t\t\t\t\t\t\t\t\t\t\t\t\t<\/div>\n\t\t\t\t<\/div>\n\t\t\t\t<div class=\"elementor-element elementor-element-e00c8ac neuros-button-border-style-solid elementor-widget-mobile_extra__width-initial elementor-widget-mobile__width-initial neuros-button-bakground-style-solid elementor-widget elementor-widget-neuros_button\" data-id=\"e00c8ac\" data-element_type=\"widget\" data-widget_type=\"neuros_button.default\">\n\t\t\t\t<div class=\"elementor-widget-container\">\n\t\t\t\t\t\n        <div class=\"button-widget\">\n            <div class=\"button-container\">\n                                <a class=\"neuros-button\" href=\"https:\/\/teteocan.com\/servicios\/\">Discover                        <span class=\"icon-button-arrow left\"><\/span><span class=\"icon-button-arrow right\"><\/span>                    \n                    <span class=\"button-inner\"><\/span>\n                <\/a>\n                            <\/div>\n        <\/div>\n        \t\t\t\t<\/div>\n\t\t\t\t<\/div>\n\t\t\t\t\t<\/div>\n\t\t<\/div>\n\t\t\t\t\t<\/div>\n\t\t<\/section>\n\t\t\t\t\t<\/div>\n\t\t<\/div>\n\t\t\t\t\t<\/div>\n\t\t<\/section>\n\t\t\t\t<section class=\"elementor-section elementor-top-section elementor-element elementor-element-c919e2b elementor-section-full_width elementor-section-height-min-height elementor-section-items-bottom elementor-section-stretched elementor-section-height-default\" data-id=\"c919e2b\" data-element_type=\"section\" data-settings=\"{&quot;stretch_section&quot;:&quot;section-stretched&quot;,&quot;background_background&quot;:&quot;classic&quot;}\">\n\t\t\t\t\t\t\t<div class=\"elementor-background-overlay\"><\/div>\n\t\t\t\t\t\t\t<div class=\"elementor-container elementor-column-gap-no\">\n\t\t\t\t\t<div class=\"elementor-column elementor-col-100 elementor-top-column elementor-element elementor-element-1b5b26b\" data-id=\"1b5b26b\" data-element_type=\"column\">\n\t\t\t<div class=\"elementor-widget-wrap elementor-element-populated\">\n\t\t\t\t\t\t<div class=\"elementor-element elementor-element-6d19f58 elementor-widget elementor-widget-neuros_special_text\" data-id=\"6d19f58\" data-element_type=\"widget\" data-widget_type=\"neuros_special_text.default\">\n\t\t\t\t<div class=\"elementor-widget-container\">\n\t\t\t\t\t<div class=\"special-text-wrapper animate animated animation-direction-left\"><div class=\"special-text\">TECHNOLOGY THAT TRANSFORMS \u2502 PURPOSE-DRIVEN SOLUTIONS \u2502 INTELLIGENCE THAT DRIVES \u2502 APPLIED INNOVATION \u2502 BEYOND CONSULTING \u2502 REAL-TIME RESULTS \u2502&nbsp;<\/div><div class=\"special-text\">TECHNOLOGY THAT TRANSFORMS \u2502 PURPOSE-DRIVEN SOLUTIONS \u2502 INTELLIGENCE THAT DRIVES \u2502 APPLIED INNOVATION \u2502 BEYOND CONSULTING \u2502 REAL-TIME RESULTS \u2502&nbsp;<\/div><div class=\"special-text\">TECHNOLOGY THAT TRANSFORMS \u2502 PURPOSE-DRIVEN SOLUTIONS \u2502 INTELLIGENCE THAT DRIVES \u2502 APPLIED INNOVATION \u2502 BEYOND CONSULTING \u2502 REAL-TIME RESULTS \u2502&nbsp;<\/div><\/div>\t\t\t\t<\/div>\n\t\t\t\t<\/div>\n\t\t\t\t\t<\/div>\n\t\t<\/div>\n\t\t\t\t\t<\/div>\n\t\t<\/section>\n\t\t\t\t<section class=\"elementor-section elementor-top-section elementor-element elementor-element-65ce5bd elementor-section-boxed elementor-section-height-default elementor-section-height-default\" data-id=\"65ce5bd\" data-element_type=\"section\">\n\t\t\t\t\t\t<div class=\"elementor-container elementor-column-gap-default\">\n\t\t\t\t\t<div class=\"elementor-column elementor-col-100 elementor-top-column elementor-element elementor-element-8770c3f\" data-id=\"8770c3f\" data-element_type=\"column\">\n\t\t\t<div class=\"elementor-widget-wrap elementor-element-populated\">\n\t\t\t\t\t\t<section class=\"elementor-section elementor-inner-section elementor-element elementor-element-3f4a50b6 elementor-section-boxed elementor-section-height-default elementor-section-height-default\" data-id=\"3f4a50b6\" data-element_type=\"section\">\n\t\t\t\t\t\t<div class=\"elementor-container elementor-column-gap-default\">\n\t\t\t\t\t<div class=\"elementor-column elementor-col-50 elementor-inner-column elementor-element elementor-element-36bc91c3\" data-id=\"36bc91c3\" data-element_type=\"column\">\n\t\t\t<div class=\"elementor-widget-wrap elementor-element-populated\">\n\t\t\t\t\t\t<div class=\"elementor-element elementor-element-4cb233fa elementor-widget__width-initial elementor-widget-widescreen__width-initial elementor-invisible elementor-widget elementor-widget-neuros_heading\" data-id=\"4cb233fa\" data-element_type=\"widget\" data-settings=\"{&quot;_animation&quot;:&quot;fadeIn&quot;,&quot;_animation_delay&quot;:300}\" data-widget_type=\"neuros_heading.default\">\n\t\t\t\t<div class=\"elementor-widget-container\">\n\t\t\t\t\t<div class=\"neuros-heading-widget\"><h2 class=\"neuros-heading\"><span class=\"neuros-subheading\">TECHNOLOGICAL INNOVATORS<\/span><span class=\"neuros-heading-content has_gradient_color_text\">A touch of innovation for your business<\/span><\/h2><\/div>\t\t\t\t<\/div>\n\t\t\t\t<\/div>\n\t\t\t\t<div class=\"elementor-element elementor-element-5d20ef5a elementor-widget__width-initial elementor-widget-widescreen__width-initial elementor-widget elementor-widget-text-editor\" data-id=\"5d20ef5a\" data-element_type=\"widget\" data-widget_type=\"text-editor.default\">\n\t\t\t\t<div class=\"elementor-widget-container\">\n\t\t\t\t\t\t\t\t\t<div class=\"teteocan-content\"><p>Since 2018, <span class=\"teteocan-name\">Teteocan Technologies<\/span> provides comprehensive solutions in business consulting, custom software development, and digital transformation, with a dual commitment: boosting business and protecting the planet.<\/p><div class=\"teteocan-meaning\"><div class=\"tm-container\"><h3 class=\"tm-title\">Meaning of our name<\/h3><p class=\"tm-description\"><span class=\"tm-nahuatl\">Teteo-can (gods and house in Nahuatl)<\/span>\u00a0+<br \/><span class=\"tm-tech\">Technologies<\/span> (technology in English) =<br \/><span class=\"tm-result\">Teteocan Technologies<\/span><\/p><p class=\"tm-culture\">The sacred space where ancestral wisdom and technological innovation converge to create transcendent solutions.<\/p><\/div><\/div><p><strong>Our concrete action:<\/strong><\/p><ul><li><em>Technology with a purpose<\/em>A percentage of every Tlatec transaction goes to Stripe Climate to fund certified CO\u2082 removal projects.<\/li><li><em>Measurable results<\/em>: Tools that increase productivity, reduce operating costs, and generate competitive advantages with a positive footprint.<\/li><\/ul><p>We have a clear goal: to offer technological tools that increase productivity, reduce operating costs, and generate real competitive advantages for our clients.<\/p><p>We drive business growth through customized digital solutions. From web experiences and automation to complex enterprise systems, we design technology that optimizes, scales, and transforms.<\/p><p>We currently operate throughout Mexico and have begun our international expansion, with a presence in Scotland (Isle of Skye) and strategic alliances in key countries of the European Union.<\/p><p>We have a multidisciplinary team of experts in engineering, UX\/UI design, data analysis, and project management, committed to innovation and technical excellence.<\/p><p class=\"teteocan-final\">We innovate without borders. We impact with results.<\/p><\/div>\t\t\t\t\t\t\t\t<\/div>\n\t\t\t\t<\/div>\n\t\t\t\t\t<\/div>\n\t\t<\/div>\n\t\t\t\t<div class=\"elementor-column elementor-col-50 elementor-inner-column elementor-element elementor-element-434aadbf\" data-id=\"434aadbf\" data-element_type=\"column\">\n\t\t\t<div class=\"elementor-widget-wrap elementor-element-populated\">\n\t\t\t\t\t\t<div class=\"elementor-element elementor-element-2bedb67d elementor-widget__width-auto elementor-widget-widescreen__width-initial elementor-widget-mobile_extra__width-initial elementor-widget elementor-widget-counter\" data-id=\"2bedb67d\" data-element_type=\"widget\" data-widget_type=\"counter.default\">\n\t\t\t\t<div class=\"elementor-widget-container\">\n\t\t\t\t\t\t\t<div class=\"elementor-counter\">\n\t\t\t<div class=\"elementor-counter-title\">Users<\/div>\t\t\t<div class=\"elementor-counter-number-wrapper\">\n\t\t\t\t<span class=\"elementor-counter-number-prefix\">+<\/span>\n\t\t\t\t<span class=\"elementor-counter-number\" data-duration=\"2000\" data-to-value=\"150\" data-from-value=\"0\" data-delimiter=\",\">0<\/span>\n\t\t\t\t<span class=\"elementor-counter-number-suffix\"><\/span>\n\t\t\t<\/div>\n\t\t<\/div>\n\t\t\t\t\t\t<\/div>\n\t\t\t\t<\/div>\n\t\t\t\t<div class=\"elementor-element elementor-element-b2188d3 elementor-widget__width-auto elementor-widget-mobile_extra__width-initial elementor-widget elementor-widget-counter\" data-id=\"b2188d3\" data-element_type=\"widget\" data-widget_type=\"counter.default\">\n\t\t\t\t<div class=\"elementor-widget-container\">\n\t\t\t\t\t\t\t<div class=\"elementor-counter\">\n\t\t\t<div class=\"elementor-counter-title\">Completed Projects<\/div>\t\t\t<div class=\"elementor-counter-number-wrapper\">\n\t\t\t\t<span class=\"elementor-counter-number-prefix\">+<\/span>\n\t\t\t\t<span class=\"elementor-counter-number\" data-duration=\"2000\" data-to-value=\"300\" data-from-value=\"0\" data-delimiter=\",\">0<\/span>\n\t\t\t\t<span class=\"elementor-counter-number-suffix\"><\/span>\n\t\t\t<\/div>\n\t\t<\/div>\n\t\t\t\t\t\t<\/div>\n\t\t\t\t<\/div>\n\t\t\t\t<div class=\"elementor-element elementor-element-1b34f815 elementor-widget__width-auto elementor-widget-widescreen__width-initial elementor-widget-mobile_extra__width-initial elementor-widget elementor-widget-counter\" data-id=\"1b34f815\" data-element_type=\"widget\" data-widget_type=\"counter.default\">\n\t\t\t\t<div class=\"elementor-widget-container\">\n\t\t\t\t\t\t\t<div class=\"elementor-counter\">\n\t\t\t<div class=\"elementor-counter-title\">Years of Experience<\/div>\t\t\t<div class=\"elementor-counter-number-wrapper\">\n\t\t\t\t<span class=\"elementor-counter-number-prefix\">+<\/span>\n\t\t\t\t<span class=\"elementor-counter-number\" data-duration=\"2000\" data-to-value=\"7\" data-from-value=\"0\" data-delimiter=\",\">0<\/span>\n\t\t\t\t<span class=\"elementor-counter-number-suffix\"><\/span>\n\t\t\t<\/div>\n\t\t<\/div>\n\t\t\t\t\t\t<\/div>\n\t\t\t\t<\/div>\n\t\t\t\t\t<\/div>\n\t\t<\/div>\n\t\t\t\t\t<\/div>\n\t\t<\/section>\n\t\t\t\t\t<\/div>\n\t\t<\/div>\n\t\t\t\t\t<\/div>\n\t\t<\/section>\n\t\t\t\t<section class=\"elementor-section elementor-top-section elementor-element elementor-element-a03938b elementor-section-boxed elementor-section-height-default elementor-section-height-default\" data-id=\"a03938b\" data-element_type=\"section\">\n\t\t\t\t\t\t<div class=\"elementor-container elementor-column-gap-default\">\n\t\t\t\t\t<div class=\"elementor-column elementor-col-100 elementor-top-column elementor-element elementor-element-79edcda\" data-id=\"79edcda\" data-element_type=\"column\">\n\t\t\t<div class=\"elementor-widget-wrap\">\n\t\t\t\t\t\t\t<\/div>\n\t\t<\/div>\n\t\t\t\t\t<\/div>\n\t\t<\/section>\n\t\t\t\t<\/div>","protected":false},"excerpt":{"rendered":"<p>Conoce nuestra propuesta Conoce nuestra propuesta Automatiza. Analiza. Digitaliza. Descubre c\u00f3mo convertir tu operaci\u00f3n en una ventaja competitiva Desde 2018, Teteocan Technologies brinda soluciones integrales en consultor\u00eda empresarial, desarrollo de software a la medida y transformaci\u00f3n digital, con un compromiso dual:&#8230;<\/p>","protected":false},"author":1,"featured_media":0,"parent":0,"menu_order":0,"comment_status":"closed","ping_status":"closed","template":"","meta":{"footnotes":""},"class_list":["post-6556","page","type-page","status-publish","hentry"],"aioseo_notices":[],"_links":{"self":[{"href":"https:\/\/teteocan.com\/en\/wp-json\/wp\/v2\/pages\/6556","targetHints":{"allow":["GET"]}}],"collection":[{"href":"https:\/\/teteocan.com\/en\/wp-json\/wp\/v2\/pages"}],"about":[{"href":"https:\/\/teteocan.com\/en\/wp-json\/wp\/v2\/types\/page"}],"author":[{"embeddable":true,"href":"https:\/\/teteocan.com\/en\/wp-json\/wp\/v2\/users\/1"}],"replies":[{"embeddable":true,"href":"https:\/\/teteocan.com\/en\/wp-json\/wp\/v2\/comments?post=6556"}],"version-history":[{"count":289,"href":"https:\/\/teteocan.com\/en\/wp-json\/wp\/v2\/pages\/6556\/revisions"}],"predecessor-version":[{"id":25945,"href":"https:\/\/teteocan.com\/en\/wp-json\/wp\/v2\/pages\/6556\/revisions\/25945"}],"wp:attachment":[{"href":"https:\/\/teteocan.com\/en\/wp-json\/wp\/v2\/media?parent=6556"}],"curies":[{"name":"wp","href":"https:\/\/api.w.org\/{rel}","templated":true}]}}